{"id":1448,"date":"2021-01-23T10:53:21","date_gmt":"2021-01-23T09:53:21","guid":{"rendered":"https:\/\/boatrental-giethoorn.eu\/weather-in-giethoorn\/"},"modified":"2021-03-02T08:47:49","modified_gmt":"2021-03-02T07:47:49","slug":"wetter-fur-giethoorn","status":"publish","type":"page","link":"https:\/\/boatrental-giethoorn.eu\/de\/wetter-fur-giethoorn\/","title":{"rendered":"Wetter f\u00fcr Giethoorn"},"content":{"rendered":"\n<p>Im Folgenden finden Sie die Wettervorhersage f\u00fcr Giethoorn. Schauen Sie, ob es der perfekte Tag zum Bootfahren oder Spazierengehen wird. Diese Informationen sind vergleichbar mit die Webseiten \u201eWeer Online\u201c und \u201eBuienradar\u201c.<\/p>\n\n\n\n<!-- weather widget start --><a target=\"_blank\" href=\"https:\/\/www.booked.net\/weather\/giethoorn-53799\" rel=\"noopener\"><img decoding=\"async\" src=\"https:\/\/w.bookcdn.com\/weather\/picture\/3_53799_1_1_137AE9_430_ffffff_333333_08488D_1_ffffff_333333_0_6.png?scode=124&amp;domid=&amp;anc_id=27057\" alt=\"booked.net\"><\/a><!-- weather widget end -->\n\n\n\n<p>Auch w\u00e4hrend der kalten Tage gibt es in Giethoorn viel zu entdecken. Gehen Sie zum ausgiebigen Mittag- oder Abendessen oder genie\u00dfen Sie eine hei\u00dfe Tasse Kaffee in den \u00f6rtlichen <a href=\"https:\/\/www.restaurant-giethoorn.com\/\" target=\"_blank\" rel=\"noreferrer noopener\">Restaurants<\/a>. Tauchen Sie in die Geschichte ein oder genie\u00dfen Sie alte Fossilien in <a href=\"https:\/\/boatrental-giethoorn.eu\/de\/informationen-uber-giethoorn\/\" target=\"_blank\" rel=\"noreferrer noopener\">Museem<\/a>. Das Wetter muss Ihren Aufenthalt in Giethoorn nicht beeintr\u00e4chtigen.<\/p>\n\n\n\n<p>Im Winter ist es sehr wichtig, nicht drinnen zu sitzen, sondern sich drau\u00dfen zu bewegen. Das &#8222;Gl\u00fcckshormon&#8220; ist n\u00e4mlich in der Winterzeit am niedrigsten. Genie\u00dfen Sie die Natur um Sie herum. Gehen oder segeln Sie in der Wintersonne und geben Sie Ihrem K\u00f6rper einen Vitamin-D-Schub. Dies wird Ihren Stress reduzieren und Sie gl\u00fccklicher machen.<\/p>\n\n\n\n<p>Eine Winterreise ist nicht nur besser f\u00fcr Ihren Geist, sondern auch f\u00fcr Ihren K\u00f6rper. K\u00e4lte f\u00fchrt dazu, dass sich die Blutgef\u00e4\u00dfe verengen und sich so wenig wie m\u00f6glich zusammenziehen, um die K\u00f6rpertemperatur zu halten. &#8222;Wenn Sie in die W\u00e4rme gehen, \u00f6ffnen sich Ihre Blutgef\u00e4\u00dfe wieder weit, was bei gesunden Menschen einen gro\u00dfen Schub f\u00fcr die Durchblutung und das gesamte Herz-Kreislauf-System bedeuten kann.<\/p>\n\n\n\n<p>Auch wenn sich die Sonne hinter Wolken versteckt, hat es seine Vorteile, nach drau\u00dfen zu gehen. Es ist zum Beispiel eine gute Zeit, um Fotos mit einer professionellen Kamera oder mit einem Mobiltelefon zu machen. Wolken streuen das Licht und verringern den Kontrast. Dies ist perfekt f\u00fcr Portr\u00e4ts. Wolken haben einen gro\u00dfen Vorteil beim Fotografieren von Landschaften, Wolken machen jedes Foto einzigartig, weil es nie genau gleich ist.<\/p>\n\n\n\n<p>F\u00fcr einen <a href=\"https:\/\/boatrental-giethoorn.eu\/de\/bootsverleih\/\" target=\"_blank\" rel=\"noreferrer noopener\">Winterausflug auf dem Wasser<\/a> empfehlen wir, dass Sie gut vorbereitet sind. Stellen Sie sicher, dass Sie die richtige Kleidung haben und genug essen, bevor Sie gehen. Achten Sie darauf, dass Sie viele Kleidungsschichten dabei haben. Sie k\u00f6nnen immer eine Schicht ausziehen, wenn es zu hei\u00df wird. Handschuhe und ein warmer Most k\u00f6nnen sehr hilfreich sein. Wenn Sie genug essen, verhindern Sie, dass Sie m\u00fcde werden, die Konzentration verlieren oder seekrank werden.<\/p>\n\n\n\n<p>Sollte es zu kalt sein, stellen wir Decken zur Verf\u00fcgung, um Sie warm zu halten, und wir k\u00f6nnen Ihnen versichern, dass der Kaffee nach der Fahrt besser schmecken wird.<\/p>\n\n\n\n<figure class=\"wp-block-image size-large is-style-default\"><img loading=\"lazy\" decoding=\"async\" width=\"1024\" height=\"683\" src=\"https:\/\/boatrental-giethoorn.eu\/wp-content\/uploads\/2021\/01\/LR_Combi-Outboards_Wilko-Visscher-144-IMG_7409-1024x683.jpg\" alt=\"gutes Wetter in Giethoorn\" class=\"wp-image-1433\" srcset=\"https:\/\/boatrental-giethoorn.eu\/wp-content\/uploads\/2021\/01\/LR_Combi-Outboards_Wilko-Visscher-144-IMG_7409-1024x683.jpg 1024w, https:\/\/boatrental-giethoorn.eu\/wp-content\/uploads\/2021\/01\/LR_Combi-Outboards_Wilko-Visscher-144-IMG_7409-300x200.jpg 300w, https:\/\/boatrental-giethoorn.eu\/wp-content\/uploads\/2021\/01\/LR_Combi-Outboards_Wilko-Visscher-144-IMG_7409-768x512.jpg 768w, https:\/\/boatrental-giethoorn.eu\/wp-content\/uploads\/2021\/01\/LR_Combi-Outboards_Wilko-Visscher-144-IMG_7409-1536x1024.jpg 1536w, https:\/\/boatrental-giethoorn.eu\/wp-content\/uploads\/2021\/01\/LR_Combi-Outboards_Wilko-Visscher-144-IMG_7409-1620x1080.jpg 1620w, https:\/\/boatrental-giethoorn.eu\/wp-content\/uploads\/2021\/01\/LR_Combi-Outboards_Wilko-Visscher-144-IMG_7409.jpg 1920w\" sizes=\"auto, (max-width: 1024px) 100vw, 1024px\" \/><figcaption>gutes Wetter in Giethoorn<\/figcaption><\/figure>\n","protected":false},"excerpt":{"rendered":"<p>Im Folgenden finden Sie die Wettervorhersage f\u00fcr Giethoorn. Schauen Sie, ob es der perfekte Tag zum Bootfahren oder Spazierengehen wird. Diese Informationen sind vergleichbar mit die Webseiten \u201eWeer Online\u201c und \u201eBuienradar\u201c. Auch w\u00e4hrend der kalten Tage gibt es in Giethoorn viel zu entdecken. Gehen Sie zum ausgiebigen Mittag- oder Abendessen oder genie\u00dfen Sie eine hei\u00dfe&hellip; <br \/> <a class=\"read-more\" href=\"https:\/\/boatrental-giethoorn.eu\/de\/wetter-fur-giethoorn\/\">Read more<\/a><\/p>\n","protected":false},"author":1,"featured_media":1433,"parent":0,"menu_order":0,"comment_status":"closed","ping_status":"closed","template":"","meta":{"footnotes":""},"class_list":["post-1448","page","type-page","status-publish","has-post-thumbnail","hentry"],"yoast_head":"<!-- This site is optimized with the Yoast SEO plugin v27.4 - https:\/\/yoast.com\/product\/yoast-seo-wordpress\/ -->\n<title>Das Wetter f\u00fcr Giethoorn - BoatRental-Giethoorn.EU<\/title>\n<meta name=\"description\" content=\"Das Wetter f\u00fcr Giethoorn. Finden Sie heraus, ob es der perfekte Tag ist, um mit einem Boot zu segeln oder eine Wanderung zu unternehmen...\" \/>\n<meta name=\"robots\" content=\"index, follow, max-snippet:-1, max-image-preview:large, max-video-preview:-1\" \/>\n<link rel=\"canonical\" href=\"https:\/\/boatrental-giethoorn.eu\/de\/wetter-fur-giethoorn\/\" \/>\n<meta property=\"og:locale\" content=\"de_DE\" \/>\n<meta property=\"og:type\" content=\"article\" \/>\n<meta property=\"og:title\" content=\"Das Wetter f\u00fcr Giethoorn - BoatRental-Giethoorn.EU\" \/>\n<meta property=\"og:description\" content=\"Das Wetter f\u00fcr Giethoorn. Finden Sie heraus, ob es der perfekte Tag ist, um mit einem Boot zu segeln oder eine Wanderung zu unternehmen...\" \/>\n<meta property=\"og:url\" content=\"https:\/\/boatrental-giethoorn.eu\/de\/wetter-fur-giethoorn\/\" \/>\n<meta property=\"og:site_name\" content=\"BoatRental-Giethoorn.EU\" \/>\n<meta property=\"article:modified_time\" content=\"2021-03-02T07:47:49+00:00\" \/>\n<meta property=\"og:image\" content=\"https:\/\/boatrental-giethoorn.eu\/wp-content\/uploads\/2021\/01\/LR_Combi-Outboards_Wilko-Visscher-144-IMG_7409.jpg\" \/>\n\t<meta property=\"og:image:width\" content=\"1920\" \/>\n\t<meta property=\"og:image:height\" content=\"1280\" \/>\n\t<meta property=\"og:image:type\" content=\"image\/jpeg\" \/>\n<meta name=\"twitter:card\" content=\"summary_large_image\" \/>\n<meta name=\"twitter:label1\" content=\"Gesch\u00e4tzte Lesezeit\" \/>\n\t<meta name=\"twitter:data1\" content=\"3\u00a0Minuten\" \/>\n<script type=\"application\/ld+json\" class=\"yoast-schema-graph\">{\"@context\":\"https:\\\/\\\/schema.org\",\"@graph\":[{\"@type\":\"WebPage\",\"@id\":\"https:\\\/\\\/boatrental-giethoorn.eu\\\/de\\\/wetter-fur-giethoorn\\\/\",\"url\":\"https:\\\/\\\/boatrental-giethoorn.eu\\\/de\\\/wetter-fur-giethoorn\\\/\",\"name\":\"Das Wetter f\u00fcr Giethoorn - BoatRental-Giethoorn.EU\",\"isPartOf\":{\"@id\":\"https:\\\/\\\/boatrental-giethoorn.eu\\\/de\\\/#website\"},\"primaryImageOfPage\":{\"@id\":\"https:\\\/\\\/boatrental-giethoorn.eu\\\/de\\\/wetter-fur-giethoorn\\\/#primaryimage\"},\"image\":{\"@id\":\"https:\\\/\\\/boatrental-giethoorn.eu\\\/de\\\/wetter-fur-giethoorn\\\/#primaryimage\"},\"thumbnailUrl\":\"https:\\\/\\\/boatrental-giethoorn.eu\\\/wp-content\\\/uploads\\\/2021\\\/01\\\/LR_Combi-Outboards_Wilko-Visscher-144-IMG_7409.jpg\",\"datePublished\":\"2021-01-23T09:53:21+00:00\",\"dateModified\":\"2021-03-02T07:47:49+00:00\",\"description\":\"Das Wetter f\u00fcr Giethoorn. Finden Sie heraus, ob es der perfekte Tag ist, um mit einem Boot zu segeln oder eine Wanderung zu unternehmen...\",\"breadcrumb\":{\"@id\":\"https:\\\/\\\/boatrental-giethoorn.eu\\\/de\\\/wetter-fur-giethoorn\\\/#breadcrumb\"},\"inLanguage\":\"de\",\"potentialAction\":[{\"@type\":\"ReadAction\",\"target\":[\"https:\\\/\\\/boatrental-giethoorn.eu\\\/de\\\/wetter-fur-giethoorn\\\/\"]}]},{\"@type\":\"ImageObject\",\"inLanguage\":\"de\",\"@id\":\"https:\\\/\\\/boatrental-giethoorn.eu\\\/de\\\/wetter-fur-giethoorn\\\/#primaryimage\",\"url\":\"https:\\\/\\\/boatrental-giethoorn.eu\\\/wp-content\\\/uploads\\\/2021\\\/01\\\/LR_Combi-Outboards_Wilko-Visscher-144-IMG_7409.jpg\",\"contentUrl\":\"https:\\\/\\\/boatrental-giethoorn.eu\\\/wp-content\\\/uploads\\\/2021\\\/01\\\/LR_Combi-Outboards_Wilko-Visscher-144-IMG_7409.jpg\",\"width\":1920,\"height\":1280,\"caption\":\"on a boat in Giethoorn\"},{\"@type\":\"BreadcrumbList\",\"@id\":\"https:\\\/\\\/boatrental-giethoorn.eu\\\/de\\\/wetter-fur-giethoorn\\\/#breadcrumb\",\"itemListElement\":[{\"@type\":\"ListItem\",\"position\":1,\"name\":\"Home\",\"item\":\"https:\\\/\\\/boatrental-giethoorn.eu\\\/de\\\/\"},{\"@type\":\"ListItem\",\"position\":2,\"name\":\"Wetter f\u00fcr Giethoorn\"}]},{\"@type\":\"WebSite\",\"@id\":\"https:\\\/\\\/boatrental-giethoorn.eu\\\/de\\\/#website\",\"url\":\"https:\\\/\\\/boatrental-giethoorn.eu\\\/de\\\/\",\"name\":\"BoatRental-Giethoorn.EU\",\"description\":\"\",\"publisher\":{\"@id\":\"https:\\\/\\\/boatrental-giethoorn.eu\\\/de\\\/#organization\"},\"potentialAction\":[{\"@type\":\"SearchAction\",\"target\":{\"@type\":\"EntryPoint\",\"urlTemplate\":\"https:\\\/\\\/boatrental-giethoorn.eu\\\/de\\\/?s={search_term_string}\"},\"query-input\":{\"@type\":\"PropertyValueSpecification\",\"valueRequired\":true,\"valueName\":\"search_term_string\"}}],\"inLanguage\":\"de\"},{\"@type\":\"Organization\",\"@id\":\"https:\\\/\\\/boatrental-giethoorn.eu\\\/de\\\/#organization\",\"name\":\"Boatrental-Giethoorn.EU\",\"url\":\"https:\\\/\\\/boatrental-giethoorn.eu\\\/de\\\/\",\"logo\":{\"@type\":\"ImageObject\",\"inLanguage\":\"de\",\"@id\":\"https:\\\/\\\/boatrental-giethoorn.eu\\\/de\\\/#\\\/schema\\\/logo\\\/image\\\/\",\"url\":\"https:\\\/\\\/boatrental-giethoorn.eu\\\/wp-content\\\/uploads\\\/2018\\\/02\\\/logo.png\",\"contentUrl\":\"https:\\\/\\\/boatrental-giethoorn.eu\\\/wp-content\\\/uploads\\\/2018\\\/02\\\/logo.png\",\"width\":512,\"height\":512,\"caption\":\"Boatrental-Giethoorn.EU\"},\"image\":{\"@id\":\"https:\\\/\\\/boatrental-giethoorn.eu\\\/de\\\/#\\\/schema\\\/logo\\\/image\\\/\"},\"sameAs\":[\"https:\\\/\\\/www.instagram.com\\\/boatrentalgiethoorn\\\/\",\"https:\\\/\\\/www.youtube.com\\\/channel\\\/UCeJHOxUyAIQzOLD7njLayAw\"]}]}<\/script>\n<!-- \/ Yoast SEO plugin. -->","yoast_head_json":{"title":"Das Wetter f\u00fcr Giethoorn - BoatRental-Giethoorn.EU","description":"Das Wetter f\u00fcr Giethoorn. Finden Sie heraus, ob es der perfekte Tag ist, um mit einem Boot zu segeln oder eine Wanderung zu unternehmen...","robots":{"index":"index","follow":"follow","max-snippet":"max-snippet:-1","max-image-preview":"max-image-preview:large","max-video-preview":"max-video-preview:-1"},"canonical":"https:\/\/boatrental-giethoorn.eu\/de\/wetter-fur-giethoorn\/","og_locale":"de_DE","og_type":"article","og_title":"Das Wetter f\u00fcr Giethoorn - BoatRental-Giethoorn.EU","og_description":"Das Wetter f\u00fcr Giethoorn. Finden Sie heraus, ob es der perfekte Tag ist, um mit einem Boot zu segeln oder eine Wanderung zu unternehmen...","og_url":"https:\/\/boatrental-giethoorn.eu\/de\/wetter-fur-giethoorn\/","og_site_name":"BoatRental-Giethoorn.EU","article_modified_time":"2021-03-02T07:47:49+00:00","og_image":[{"width":1920,"height":1280,"url":"https:\/\/boatrental-giethoorn.eu\/wp-content\/uploads\/2021\/01\/LR_Combi-Outboards_Wilko-Visscher-144-IMG_7409.jpg","type":"image\/jpeg"}],"twitter_card":"summary_large_image","twitter_misc":{"Gesch\u00e4tzte Lesezeit":"3\u00a0Minuten"},"schema":{"@context":"https:\/\/schema.org","@graph":[{"@type":"WebPage","@id":"https:\/\/boatrental-giethoorn.eu\/de\/wetter-fur-giethoorn\/","url":"https:\/\/boatrental-giethoorn.eu\/de\/wetter-fur-giethoorn\/","name":"Das Wetter f\u00fcr Giethoorn - BoatRental-Giethoorn.EU","isPartOf":{"@id":"https:\/\/boatrental-giethoorn.eu\/de\/#website"},"primaryImageOfPage":{"@id":"https:\/\/boatrental-giethoorn.eu\/de\/wetter-fur-giethoorn\/#primaryimage"},"image":{"@id":"https:\/\/boatrental-giethoorn.eu\/de\/wetter-fur-giethoorn\/#primaryimage"},"thumbnailUrl":"https:\/\/boatrental-giethoorn.eu\/wp-content\/uploads\/2021\/01\/LR_Combi-Outboards_Wilko-Visscher-144-IMG_7409.jpg","datePublished":"2021-01-23T09:53:21+00:00","dateModified":"2021-03-02T07:47:49+00:00","description":"Das Wetter f\u00fcr Giethoorn. Finden Sie heraus, ob es der perfekte Tag ist, um mit einem Boot zu segeln oder eine Wanderung zu unternehmen...","breadcrumb":{"@id":"https:\/\/boatrental-giethoorn.eu\/de\/wetter-fur-giethoorn\/#breadcrumb"},"inLanguage":"de","potentialAction":[{"@type":"ReadAction","target":["https:\/\/boatrental-giethoorn.eu\/de\/wetter-fur-giethoorn\/"]}]},{"@type":"ImageObject","inLanguage":"de","@id":"https:\/\/boatrental-giethoorn.eu\/de\/wetter-fur-giethoorn\/#primaryimage","url":"https:\/\/boatrental-giethoorn.eu\/wp-content\/uploads\/2021\/01\/LR_Combi-Outboards_Wilko-Visscher-144-IMG_7409.jpg","contentUrl":"https:\/\/boatrental-giethoorn.eu\/wp-content\/uploads\/2021\/01\/LR_Combi-Outboards_Wilko-Visscher-144-IMG_7409.jpg","width":1920,"height":1280,"caption":"on a boat in Giethoorn"},{"@type":"BreadcrumbList","@id":"https:\/\/boatrental-giethoorn.eu\/de\/wetter-fur-giethoorn\/#breadcrumb","itemListElement":[{"@type":"ListItem","position":1,"name":"Home","item":"https:\/\/boatrental-giethoorn.eu\/de\/"},{"@type":"ListItem","position":2,"name":"Wetter f\u00fcr Giethoorn"}]},{"@type":"WebSite","@id":"https:\/\/boatrental-giethoorn.eu\/de\/#website","url":"https:\/\/boatrental-giethoorn.eu\/de\/","name":"BoatRental-Giethoorn.EU","description":"","publisher":{"@id":"https:\/\/boatrental-giethoorn.eu\/de\/#organization"},"potentialAction":[{"@type":"SearchAction","target":{"@type":"EntryPoint","urlTemplate":"https:\/\/boatrental-giethoorn.eu\/de\/?s={search_term_string}"},"query-input":{"@type":"PropertyValueSpecification","valueRequired":true,"valueName":"search_term_string"}}],"inLanguage":"de"},{"@type":"Organization","@id":"https:\/\/boatrental-giethoorn.eu\/de\/#organization","name":"Boatrental-Giethoorn.EU","url":"https:\/\/boatrental-giethoorn.eu\/de\/","logo":{"@type":"ImageObject","inLanguage":"de","@id":"https:\/\/boatrental-giethoorn.eu\/de\/#\/schema\/logo\/image\/","url":"https:\/\/boatrental-giethoorn.eu\/wp-content\/uploads\/2018\/02\/logo.png","contentUrl":"https:\/\/boatrental-giethoorn.eu\/wp-content\/uploads\/2018\/02\/logo.png","width":512,"height":512,"caption":"Boatrental-Giethoorn.EU"},"image":{"@id":"https:\/\/boatrental-giethoorn.eu\/de\/#\/schema\/logo\/image\/"},"sameAs":["https:\/\/www.instagram.com\/boatrentalgiethoorn\/","https:\/\/www.youtube.com\/channel\/UCeJHOxUyAIQzOLD7njLayAw"]}]}},"_links":{"self":[{"href":"https:\/\/boatrental-giethoorn.eu\/de\/wp-json\/wp\/v2\/pages\/1448","targetHints":{"allow":["GET"]}}],"collection":[{"href":"https:\/\/boatrental-giethoorn.eu\/de\/wp-json\/wp\/v2\/pages"}],"about":[{"href":"https:\/\/boatrental-giethoorn.eu\/de\/wp-json\/wp\/v2\/types\/page"}],"author":[{"embeddable":true,"href":"https:\/\/boatrental-giethoorn.eu\/de\/wp-json\/wp\/v2\/users\/1"}],"replies":[{"embeddable":true,"href":"https:\/\/boatrental-giethoorn.eu\/de\/wp-json\/wp\/v2\/comments?post=1448"}],"version-history":[{"count":0,"href":"https:\/\/boatrental-giethoorn.eu\/de\/wp-json\/wp\/v2\/pages\/1448\/revisions"}],"wp:featuredmedia":[{"embeddable":true,"href":"https:\/\/boatrental-giethoorn.eu\/de\/wp-json\/wp\/v2\/media\/1433"}],"wp:attachment":[{"href":"https:\/\/boatrental-giethoorn.eu\/de\/wp-json\/wp\/v2\/media?parent=1448"}],"curies":[{"name":"wp","href":"https:\/\/api.w.org\/{rel}","templated":true}]}}