{"id":1255,"date":"2018-06-12T15:10:03","date_gmt":"2018-06-12T14:10:03","guid":{"rendered":"https:\/\/boatrental-giethoorn.eu\/travel-information-to-giethoorn\/"},"modified":"2022-11-30T12:27:20","modified_gmt":"2022-11-30T11:27:20","slug":"reiseinformation-giethoorn","status":"publish","type":"page","link":"https:\/\/boatrental-giethoorn.eu\/de\/reiseinformation-giethoorn\/","title":{"rendered":"Reiseinformation Giethoorn"},"content":{"rendered":"<div  data-label=\"Content\" data-id=\"content--1\" data-export-id=\"content-5-2\" data-category=\"content\" class=\"content-5-2 content-section content-section-spacing\" id=\"content-1\" style=\"background-color: rgb(245, 250, 253);\"><div  class=\"gridContainer\"> <div  class=\"row text-center\"><div  class=\"section-title-col\" data-type=\"column\"> <h2  class=\"\">Reiseinformation<\/h2> <p  class=\"lead\" style=\"text-align: center;\"><b >Reiseinformation; \u00fcber Giethoorn:\r\n\r\n<\/b>Giethoorn ist ein kleines Dorf in den Niederlanden. Vielleicht kennen Sie Giethoorn vom Spitznamen: Niederl\u00e4ndisches Venedig. Das ruhige, gr\u00fcne Dorf mit seiner typischen Kanalinfrastruktur ist auf der ganzen Welt f\u00fcr seine Einzigartigkeit bekannt. Und bei uns k\u00f6nnen Sie Giethoorn am besten erleben: Mit einem Boot vom Wasser aus k\u00f6nnen Sie sich durch die Kan\u00e4le fahren! Sie m\u00f6chten einige Fotos sehen? Schau dir unsere <a data-mce-href=\"..\/informationen-uber-giethoorn\/\" href=\"..\/informationen-uber-giethoorn\/\" target=\"_self\" data-mce-selected=\"inline-boundary\" data-cp-link=\"1\" rel=\"noopener\">an\u00fcber Giethoorn<\/a> Seite.<br >\r\n<br ><br >Geh zu unserem <a data-mce-href=\"..\/kontakt\/\" href=\"https:\/\/boatrental-giethoorn.eu\/de\/kontakt\" target=\"_self\" data-mce-selected=\"inline-boundary\" data-cp-link=\"1\" rel=\"noopener\">Kontaktseite\ufeff<\/a> f\u00fcr Weitere Informationen<br >\r\nUnsere Adresse:<br >\r\nZuiderpad 14,<br >\r\n8355 CA, Giethoorn<br >\r\nFragen zu Giethoorn: 0031 521360 606<br >\r\nReservierungen und Boote: 0031 521 513 736<\/p><\/div> <\/div> <div  class=\"row middle-sm\"> <div  class=\"col-sm-6 flexbox around-xs top-xs\"> <div  class=\"overlay-box flexbox middle-xs center-xs overlay-holder\"> <div  class=\"overlay-box-offset offset-background shadow-medium bg-color2 hide-xs\"><\/div> <a data-cp-link=\"1\" href=\"https:\/\/boatrental-giethoorn.eu\/about-giethoorn\" target=\"_blank\" rel=\"noopener noreferrer\" class=\"\"><img decoding=\"async\"  class=\"flexbox shadow-large img1\" data-size=\"485x632\" src=\"https:\/\/boatrental-giethoorn.eu\/wp-content\/uploads\/2018\/06\/cropped-IMG_0356-e1528295139836.jpg\" alt=\"\" title=\"cropped-IMG_0356-e1528295139836.jpg\"><\/a><\/div> <\/div> <div  class=\"col-sm-6 space-bottom-xs\"> <div  class=\"row space-bottom content-holder\" data-type=\"column\"> <h3  class=\"color2\">Ort: Giethoorn\r\n<\/h3> <p  class=\"\">Der Bootsverleih, der Fahrradverleih, das Hotel und die Kanalrundfahrt befinden sich an einem leicht zu findenden Ort mit kostenlosen Parkpl\u00e4tzen im Zentrum von Giethoorn.<br >\r\nM\u00f6chten Sie sicherstellen, dass Sie alles \u00fcber Giethoorn wissen und die Reiseinformationen nach Giethoorn vor Ihrer Reise haben? Stellen Sie sicher, dass Sie dies \u00fcberpr\u00fcfen Giethoorn Village, eine kostenlose Anleitung und ein Blog \u00fcber Giethoorn.<\/p><\/div> <div  class=\"row space-bottom\" data-type=\"row\"><div  class=\"col-sm-6 space-bottom\"> <i  class=\"fa icon medium fa-car color1\"><\/i> <h5  class=\"\">Kostenlose Parkpl\u00e4tze bei Bootsverleih Giethoorn<\/h5> <p  class=\"\">In unserer zentralen Lage Zuiderpad 14 k\u00f6nnen Sie Ihr Auto bequem parken. Giethoorn ist bekannt f\u00fcr seine Ruhe und Gelassenheit, aber auch an den gesch\u00e4ftigsten Tagen gibt es auf unserem zentral gelegenen gro\u00dfen, kostenlosen Parkplatz gen\u00fcgend Parkpl\u00e4tze f\u00fcr alle.<\/p><\/div> <div  class=\"col-sm-6\"><i  class=\"fa icon medium fa-car color1\"><\/i> <h5  class=\"\">Autofahrt nach Giethoorn<\/h5> <p  class=\"\">Denken Sie vor dem Fahren daran, dass das Zentrum von Giethoorn nicht mit dem Auto erreichbar ist. Wie gesagt: ein Boot mieten Giethoorn besitzt einen gro\u00dfen kostenlosen Parkplatz f\u00fcr unsere G\u00e4ste. Sie k\u00f6nnen die besten Teile des Dorfes leicht zu Fu\u00df erreichen, aber die allerbesten verborgenen Sch\u00e4tze k\u00f6nnen nur mit einem Boot gefunden werden. Von Amsterdam aus dauert die Fahrt ca. 1,5-2 Stunden. Wenn Sie komfortabel fahren m\u00f6chten, k\u00f6nnen Sie eine Bustour von Amsterdam nach Giethoorn buchen.<\/p><\/div> <div  class=\"col-sm-6 space-bottom\"><i  class=\"fa icon medium fa-train color1\"><\/i> <h5  class=\"\">Reiseinformationen nach Giethoorn von Amsterdam Schiphol<\/h5> <p  class=\"\">\u2022 Nehmen Sie den Zug nach \u201eZwolle\u201c. \u2022 Nehmen Sie am<br >\r\n\u201eZwolle-Hauptbahnhof\u201c den Zug zum \u201eSteenwijk-Hauptbahnhof\u201c.<\/p><\/div> <div  class=\"col-sm-6\"><i  class=\"fa icon medium fa-train color1\"><\/i> <h5  class=\"\">Reisen Sie von den Bahnh\u00f6fen Steenwijk nach Giethoorn:<\/h5> <p  class=\"\">\u2022 Nehmen Sie den Bus nach Giethoorn (Bus Nr. 70 oder Nr. 270 Giethoorn Express).<br >\r\n\u2022 Steigen Sie an der Bushaltestelle aus: \u201eHollands Venetie\u201c.<\/p><\/div> <\/div><\/div> <\/div><\/div> <\/div>","protected":false},"excerpt":{"rendered":"<p>Reiseinformation Reiseinformation; \u00fcber Giethoorn: Giethoorn ist ein kleines Dorf in den Niederlanden. Vielleicht kennen Sie Giethoorn vom Spitznamen: Niederl\u00e4ndisches Venedig. Das ruhige, gr\u00fcne Dorf mit seiner typischen Kanalinfrastruktur ist auf der ganzen Welt f\u00fcr seine Einzigartigkeit bekannt. Und bei uns k\u00f6nnen Sie Giethoorn am besten erleben: Mit einem Boot vom Wasser aus k\u00f6nnen Sie sich&hellip; <br \/> <a class=\"read-more\" href=\"https:\/\/boatrental-giethoorn.eu\/de\/reiseinformation-giethoorn\/\">Read more<\/a><\/p>\n","protected":false},"author":1,"featured_media":771,"parent":0,"menu_order":0,"comment_status":"closed","ping_status":"closed","template":"pro\/page-templates\/full-width-page.php","meta":{"footnotes":""},"class_list":["post-1255","page","type-page","status-publish","has-post-thumbnail","hentry"],"yoast_head":"<!-- This site is optimized with the Yoast SEO plugin v27.4 - https:\/\/yoast.com\/product\/yoast-seo-wordpress\/ -->\n<title>Reiseinformation Giethoorn - BoatRental-Giethoorn.EU<\/title>\n<meta name=\"description\" content=\"Das niederl\u00e4ndische Venedig liegt im Nordwesten der Provinz Overijssel. Reiseinformationen nach Giethoorn von AMS (Amsterdam Schiphol) ...\" \/>\n<meta name=\"robots\" content=\"index, follow, max-snippet:-1, max-image-preview:large, max-video-preview:-1\" \/>\n<link rel=\"canonical\" href=\"https:\/\/boatrental-giethoorn.eu\/de\/reiseinformation-giethoorn\/\" \/>\n<meta property=\"og:locale\" content=\"de_DE\" \/>\n<meta property=\"og:type\" content=\"article\" \/>\n<meta property=\"og:title\" content=\"Reiseinformation Giethoorn - BoatRental-Giethoorn.EU\" \/>\n<meta property=\"og:description\" content=\"Das niederl\u00e4ndische Venedig liegt im Nordwesten der Provinz Overijssel. Reiseinformationen nach Giethoorn von AMS (Amsterdam Schiphol) ...\" \/>\n<meta property=\"og:url\" content=\"https:\/\/boatrental-giethoorn.eu\/de\/reiseinformation-giethoorn\/\" \/>\n<meta property=\"og:site_name\" content=\"BoatRental-Giethoorn.EU\" \/>\n<meta property=\"article:modified_time\" content=\"2022-11-30T11:27:20+00:00\" \/>\n<meta property=\"og:image\" content=\"https:\/\/boatrental-giethoorn.eu\/wp-content\/uploads\/2019\/07\/IMG_0361-e1599036154967.jpg\" \/>\n\t<meta property=\"og:image:width\" content=\"1920\" \/>\n\t<meta property=\"og:image:height\" content=\"331\" \/>\n\t<meta property=\"og:image:type\" content=\"image\/jpeg\" \/>\n<meta name=\"twitter:card\" content=\"summary_large_image\" \/>\n<meta name=\"twitter:label1\" content=\"Gesch\u00e4tzte Lesezeit\" \/>\n\t<meta name=\"twitter:data1\" content=\"2\u00a0Minuten\" \/>\n<script type=\"application\/ld+json\" class=\"yoast-schema-graph\">{\"@context\":\"https:\\\/\\\/schema.org\",\"@graph\":[{\"@type\":\"WebPage\",\"@id\":\"https:\\\/\\\/boatrental-giethoorn.eu\\\/de\\\/reiseinformation-giethoorn\\\/\",\"url\":\"https:\\\/\\\/boatrental-giethoorn.eu\\\/de\\\/reiseinformation-giethoorn\\\/\",\"name\":\"Reiseinformation Giethoorn - BoatRental-Giethoorn.EU\",\"isPartOf\":{\"@id\":\"https:\\\/\\\/boatrental-giethoorn.eu\\\/de\\\/#website\"},\"primaryImageOfPage\":{\"@id\":\"https:\\\/\\\/boatrental-giethoorn.eu\\\/de\\\/reiseinformation-giethoorn\\\/#primaryimage\"},\"image\":{\"@id\":\"https:\\\/\\\/boatrental-giethoorn.eu\\\/de\\\/reiseinformation-giethoorn\\\/#primaryimage\"},\"thumbnailUrl\":\"https:\\\/\\\/boatrental-giethoorn.eu\\\/wp-content\\\/uploads\\\/2019\\\/07\\\/IMG_0361-e1599036154967.jpg\",\"datePublished\":\"2018-06-12T14:10:03+00:00\",\"dateModified\":\"2022-11-30T11:27:20+00:00\",\"description\":\"Das niederl\u00e4ndische Venedig liegt im Nordwesten der Provinz Overijssel. Reiseinformationen nach Giethoorn von AMS (Amsterdam Schiphol) ...\",\"breadcrumb\":{\"@id\":\"https:\\\/\\\/boatrental-giethoorn.eu\\\/de\\\/reiseinformation-giethoorn\\\/#breadcrumb\"},\"inLanguage\":\"de\",\"potentialAction\":[{\"@type\":\"ReadAction\",\"target\":[\"https:\\\/\\\/boatrental-giethoorn.eu\\\/de\\\/reiseinformation-giethoorn\\\/\"]}]},{\"@type\":\"ImageObject\",\"inLanguage\":\"de\",\"@id\":\"https:\\\/\\\/boatrental-giethoorn.eu\\\/de\\\/reiseinformation-giethoorn\\\/#primaryimage\",\"url\":\"https:\\\/\\\/boatrental-giethoorn.eu\\\/wp-content\\\/uploads\\\/2019\\\/07\\\/IMG_0361-e1599036154967.jpg\",\"contentUrl\":\"https:\\\/\\\/boatrental-giethoorn.eu\\\/wp-content\\\/uploads\\\/2019\\\/07\\\/IMG_0361-e1599036154967.jpg\",\"width\":1920,\"height\":331},{\"@type\":\"BreadcrumbList\",\"@id\":\"https:\\\/\\\/boatrental-giethoorn.eu\\\/de\\\/reiseinformation-giethoorn\\\/#breadcrumb\",\"itemListElement\":[{\"@type\":\"ListItem\",\"position\":1,\"name\":\"Home\",\"item\":\"https:\\\/\\\/boatrental-giethoorn.eu\\\/de\\\/\"},{\"@type\":\"ListItem\",\"position\":2,\"name\":\"Reiseinformation Giethoorn\"}]},{\"@type\":\"WebSite\",\"@id\":\"https:\\\/\\\/boatrental-giethoorn.eu\\\/de\\\/#website\",\"url\":\"https:\\\/\\\/boatrental-giethoorn.eu\\\/de\\\/\",\"name\":\"BoatRental-Giethoorn.EU\",\"description\":\"\",\"publisher\":{\"@id\":\"https:\\\/\\\/boatrental-giethoorn.eu\\\/de\\\/#organization\"},\"potentialAction\":[{\"@type\":\"SearchAction\",\"target\":{\"@type\":\"EntryPoint\",\"urlTemplate\":\"https:\\\/\\\/boatrental-giethoorn.eu\\\/de\\\/?s={search_term_string}\"},\"query-input\":{\"@type\":\"PropertyValueSpecification\",\"valueRequired\":true,\"valueName\":\"search_term_string\"}}],\"inLanguage\":\"de\"},{\"@type\":\"Organization\",\"@id\":\"https:\\\/\\\/boatrental-giethoorn.eu\\\/de\\\/#organization\",\"name\":\"Boatrental-Giethoorn.EU\",\"url\":\"https:\\\/\\\/boatrental-giethoorn.eu\\\/de\\\/\",\"logo\":{\"@type\":\"ImageObject\",\"inLanguage\":\"de\",\"@id\":\"https:\\\/\\\/boatrental-giethoorn.eu\\\/de\\\/#\\\/schema\\\/logo\\\/image\\\/\",\"url\":\"https:\\\/\\\/boatrental-giethoorn.eu\\\/wp-content\\\/uploads\\\/2018\\\/02\\\/logo.png\",\"contentUrl\":\"https:\\\/\\\/boatrental-giethoorn.eu\\\/wp-content\\\/uploads\\\/2018\\\/02\\\/logo.png\",\"width\":512,\"height\":512,\"caption\":\"Boatrental-Giethoorn.EU\"},\"image\":{\"@id\":\"https:\\\/\\\/boatrental-giethoorn.eu\\\/de\\\/#\\\/schema\\\/logo\\\/image\\\/\"},\"sameAs\":[\"https:\\\/\\\/www.instagram.com\\\/boatrentalgiethoorn\\\/\",\"https:\\\/\\\/www.youtube.com\\\/channel\\\/UCeJHOxUyAIQzOLD7njLayAw\"]}]}<\/script>\n<!-- \/ Yoast SEO plugin. -->","yoast_head_json":{"title":"Reiseinformation Giethoorn - BoatRental-Giethoorn.EU","description":"Das niederl\u00e4ndische Venedig liegt im Nordwesten der Provinz Overijssel. Reiseinformationen nach Giethoorn von AMS (Amsterdam Schiphol) ...","robots":{"index":"index","follow":"follow","max-snippet":"max-snippet:-1","max-image-preview":"max-image-preview:large","max-video-preview":"max-video-preview:-1"},"canonical":"https:\/\/boatrental-giethoorn.eu\/de\/reiseinformation-giethoorn\/","og_locale":"de_DE","og_type":"article","og_title":"Reiseinformation Giethoorn - BoatRental-Giethoorn.EU","og_description":"Das niederl\u00e4ndische Venedig liegt im Nordwesten der Provinz Overijssel. Reiseinformationen nach Giethoorn von AMS (Amsterdam Schiphol) ...","og_url":"https:\/\/boatrental-giethoorn.eu\/de\/reiseinformation-giethoorn\/","og_site_name":"BoatRental-Giethoorn.EU","article_modified_time":"2022-11-30T11:27:20+00:00","og_image":[{"width":1920,"height":331,"url":"https:\/\/boatrental-giethoorn.eu\/wp-content\/uploads\/2019\/07\/IMG_0361-e1599036154967.jpg","type":"image\/jpeg"}],"twitter_card":"summary_large_image","twitter_misc":{"Gesch\u00e4tzte Lesezeit":"2\u00a0Minuten"},"schema":{"@context":"https:\/\/schema.org","@graph":[{"@type":"WebPage","@id":"https:\/\/boatrental-giethoorn.eu\/de\/reiseinformation-giethoorn\/","url":"https:\/\/boatrental-giethoorn.eu\/de\/reiseinformation-giethoorn\/","name":"Reiseinformation Giethoorn - BoatRental-Giethoorn.EU","isPartOf":{"@id":"https:\/\/boatrental-giethoorn.eu\/de\/#website"},"primaryImageOfPage":{"@id":"https:\/\/boatrental-giethoorn.eu\/de\/reiseinformation-giethoorn\/#primaryimage"},"image":{"@id":"https:\/\/boatrental-giethoorn.eu\/de\/reiseinformation-giethoorn\/#primaryimage"},"thumbnailUrl":"https:\/\/boatrental-giethoorn.eu\/wp-content\/uploads\/2019\/07\/IMG_0361-e1599036154967.jpg","datePublished":"2018-06-12T14:10:03+00:00","dateModified":"2022-11-30T11:27:20+00:00","description":"Das niederl\u00e4ndische Venedig liegt im Nordwesten der Provinz Overijssel. Reiseinformationen nach Giethoorn von AMS (Amsterdam Schiphol) ...","breadcrumb":{"@id":"https:\/\/boatrental-giethoorn.eu\/de\/reiseinformation-giethoorn\/#breadcrumb"},"inLanguage":"de","potentialAction":[{"@type":"ReadAction","target":["https:\/\/boatrental-giethoorn.eu\/de\/reiseinformation-giethoorn\/"]}]},{"@type":"ImageObject","inLanguage":"de","@id":"https:\/\/boatrental-giethoorn.eu\/de\/reiseinformation-giethoorn\/#primaryimage","url":"https:\/\/boatrental-giethoorn.eu\/wp-content\/uploads\/2019\/07\/IMG_0361-e1599036154967.jpg","contentUrl":"https:\/\/boatrental-giethoorn.eu\/wp-content\/uploads\/2019\/07\/IMG_0361-e1599036154967.jpg","width":1920,"height":331},{"@type":"BreadcrumbList","@id":"https:\/\/boatrental-giethoorn.eu\/de\/reiseinformation-giethoorn\/#breadcrumb","itemListElement":[{"@type":"ListItem","position":1,"name":"Home","item":"https:\/\/boatrental-giethoorn.eu\/de\/"},{"@type":"ListItem","position":2,"name":"Reiseinformation Giethoorn"}]},{"@type":"WebSite","@id":"https:\/\/boatrental-giethoorn.eu\/de\/#website","url":"https:\/\/boatrental-giethoorn.eu\/de\/","name":"BoatRental-Giethoorn.EU","description":"","publisher":{"@id":"https:\/\/boatrental-giethoorn.eu\/de\/#organization"},"potentialAction":[{"@type":"SearchAction","target":{"@type":"EntryPoint","urlTemplate":"https:\/\/boatrental-giethoorn.eu\/de\/?s={search_term_string}"},"query-input":{"@type":"PropertyValueSpecification","valueRequired":true,"valueName":"search_term_string"}}],"inLanguage":"de"},{"@type":"Organization","@id":"https:\/\/boatrental-giethoorn.eu\/de\/#organization","name":"Boatrental-Giethoorn.EU","url":"https:\/\/boatrental-giethoorn.eu\/de\/","logo":{"@type":"ImageObject","inLanguage":"de","@id":"https:\/\/boatrental-giethoorn.eu\/de\/#\/schema\/logo\/image\/","url":"https:\/\/boatrental-giethoorn.eu\/wp-content\/uploads\/2018\/02\/logo.png","contentUrl":"https:\/\/boatrental-giethoorn.eu\/wp-content\/uploads\/2018\/02\/logo.png","width":512,"height":512,"caption":"Boatrental-Giethoorn.EU"},"image":{"@id":"https:\/\/boatrental-giethoorn.eu\/de\/#\/schema\/logo\/image\/"},"sameAs":["https:\/\/www.instagram.com\/boatrentalgiethoorn\/","https:\/\/www.youtube.com\/channel\/UCeJHOxUyAIQzOLD7njLayAw"]}]}},"_links":{"self":[{"href":"https:\/\/boatrental-giethoorn.eu\/de\/wp-json\/wp\/v2\/pages\/1255","targetHints":{"allow":["GET"]}}],"collection":[{"href":"https:\/\/boatrental-giethoorn.eu\/de\/wp-json\/wp\/v2\/pages"}],"about":[{"href":"https:\/\/boatrental-giethoorn.eu\/de\/wp-json\/wp\/v2\/types\/page"}],"author":[{"embeddable":true,"href":"https:\/\/boatrental-giethoorn.eu\/de\/wp-json\/wp\/v2\/users\/1"}],"replies":[{"embeddable":true,"href":"https:\/\/boatrental-giethoorn.eu\/de\/wp-json\/wp\/v2\/comments?post=1255"}],"version-history":[{"count":0,"href":"https:\/\/boatrental-giethoorn.eu\/de\/wp-json\/wp\/v2\/pages\/1255\/revisions"}],"wp:featuredmedia":[{"embeddable":true,"href":"https:\/\/boatrental-giethoorn.eu\/de\/wp-json\/wp\/v2\/media\/771"}],"wp:attachment":[{"href":"https:\/\/boatrental-giethoorn.eu\/de\/wp-json\/wp\/v2\/media?parent=1255"}],"curies":[{"name":"wp","href":"https:\/\/api.w.org\/{rel}","templated":true}]}}