{"id":1249,"date":"2019-02-09T10:53:01","date_gmt":"2019-02-09T09:53:01","guid":{"rendered":"https:\/\/boatrental-giethoorn.eu\/tour-of-giethoorn\/"},"modified":"2025-12-30T11:37:59","modified_gmt":"2025-12-30T10:37:59","slug":"kreuzfahrt-durch-giethoorn","status":"publish","type":"page","link":"https:\/\/boatrental-giethoorn.eu\/de\/kreuzfahrt-durch-giethoorn\/","title":{"rendered":"Kreuzfahrt Giethoorn"},"content":{"rendered":"<div  data-label=\"Content\" data-id=\"content--1\" data-export-id=\"content-12\" data-category=\"content\" class=\"content-12 content-section content-section-spacing\" id=\"content-1\" style=\"background-color: rgb(245, 250, 253);\"><div  class=\"gridContainer\"> <div  class=\"row text-center\"><div  class=\"section-title-col\" data-type=\"column\"> <h2  class=\"\">Segeln Sie w\u00e4hrend einer Tour durch Giethoorn und erfahren Sie mehr \u00fcber die pulsierende Gegend<\/h2> <p  class=\"lead\">Wir bringen Sie mit unserem komfortablen Boot durch Giethoorn.<br >\nUnser Kapit\u00e4n wird Ihnen das sagen Geschichte von Giethoorn, seine Geschichte und <a  data-mce-href=\"..\/informationen-uber-giethoorn\/\" href=\"https:\/\/boatrental-giethoorn.eu\/de\/informationen-uber-giethoorn\/\" target=\"_self\" data-mce-selected=\"inline-boundary\" data-cp-link=\"1\" rel=\"noopener\">skurrilen Fakten<\/a>!<br >\n\n<br ><br >M\u00f6chten Sie Giethoorn ohne Kapit\u00e4n erkunden? <br >\u00dcberpr\u00fcfen Sie unsere<a  data-mce-href=\"..\/bootsverleih\/\" href=\"https:\/\/boatrental-giethoorn.eu\/de\/bootsverleih\/\" target=\"_self\" data-mce-selected=\"inline-boundary\" data-cp-link=\"1\" rel=\"noopener\"> Bootsverleih<\/a> ein Boot mieten.<\/p><\/div> <\/div> <div  class=\"row center-xs middle-xs\"> <div  class=\"col-sm-9\" data-type=\"column\"> <img  decoding=\"async\" class=\"shadow-large\" src=\"https:\/\/boatrental-giethoorn.eu\/wp-content\/uploads\/2019\/05\/cropped-20190509_114551-2-scaled.jpg\" alt=\"\" title=\"cropped-20190509_114551-2.jpg\"><\/div> <\/div><\/div> <\/div><div  data-label=\"Cta\" data-id=\"cta--1\" data-export-id=\"cta-centered-bg-section\" data-category=\"cta\" data-section-ov=\"1\" class=\"cta-centered-bg-section content-section content-section-spacing-medium white-text\" data-parallax-depth=\"20\" id=\"cta-1\" style=\"background-color: rgb(255, 255, 255); background-image: url(&quot;https:\/\/boatrental-giethoorn.eu\/wp-content\/uploads\/2020\/12\/20190801_103958-scaled.jpg&quot;); background-size: cover; background-position: center top;\"><div  class=\"gridContainer\"> <div  class=\"row text-center\"><div  data-type=\"column\" class=\"\"> <h2  class=\"\">Buchen Sie noch heute Ihr Kanalboot<\/h2> <a  class=\"button color1\" href=\"https:\/\/boatrental-giethoorn.letsbook.app\/en-us\/form?partnerCode=breu\" target=\"_self\" data-cp-link=\"1\" data-icon=\"\" rel=\"noopener noreferrer\">Jetzt buchen!<\/a><\/div> <\/div><\/div> <\/div>","protected":false},"excerpt":{"rendered":"<p>Segeln Sie w\u00e4hrend einer Tour durch Giethoorn und erfahren Sie mehr \u00fcber die pulsierende Gegend Wir bringen Sie mit unserem komfortablen Boot durch Giethoorn. Unser Kapit\u00e4n wird Ihnen das sagen Geschichte von Giethoorn, seine Geschichte und skurrilen Fakten! M\u00f6chten Sie Giethoorn ohne Kapit\u00e4n erkunden? \u00dcberpr\u00fcfen Sie unsere Bootsverleih ein Boot mieten. Buchen Sie noch heute&hellip; <br \/> <a class=\"read-more\" href=\"https:\/\/boatrental-giethoorn.eu\/de\/kreuzfahrt-durch-giethoorn\/\">Read more<\/a><\/p>\n","protected":false},"author":1,"featured_media":771,"parent":0,"menu_order":0,"comment_status":"closed","ping_status":"closed","template":"pro\/page-templates\/full-width-page.php","meta":{"footnotes":""},"class_list":["post-1249","page","type-page","status-publish","has-post-thumbnail","hentry"],"yoast_head":"<!-- This site is optimized with the Yoast SEO plugin v27.4 - https:\/\/yoast.com\/product\/yoast-seo-wordpress\/ -->\n<title>Kreuzfahrt Giethoorn - BoatRental-Giethoorn.EU - with a boatcruise<\/title>\n<meta name=\"description\" content=\"Kreuzfahrt Giethoorn. Ein lokaler F\u00fchrer wird einige Geschichte liefern, damit Sie Giethoorn von seiner besten Seite erleben k\u00f6nnen.\" \/>\n<meta name=\"robots\" content=\"index, follow, max-snippet:-1, max-image-preview:large, max-video-preview:-1\" \/>\n<link rel=\"canonical\" href=\"https:\/\/boatrental-giethoorn.eu\/de\/kreuzfahrt-durch-giethoorn\/\" \/>\n<meta property=\"og:locale\" content=\"de_DE\" \/>\n<meta property=\"og:type\" content=\"article\" \/>\n<meta property=\"og:title\" content=\"Kreuzfahrt Giethoorn - BoatRental-Giethoorn.EU - with a boatcruise\" \/>\n<meta property=\"og:description\" content=\"Kreuzfahrt Giethoorn. Ein lokaler F\u00fchrer wird einige Geschichte liefern, damit Sie Giethoorn von seiner besten Seite erleben k\u00f6nnen.\" \/>\n<meta property=\"og:url\" content=\"https:\/\/boatrental-giethoorn.eu\/de\/kreuzfahrt-durch-giethoorn\/\" \/>\n<meta property=\"og:site_name\" content=\"BoatRental-Giethoorn.EU\" \/>\n<meta property=\"article:modified_time\" content=\"2025-12-30T10:37:59+00:00\" \/>\n<meta property=\"og:image\" content=\"https:\/\/boatrental-giethoorn.eu\/wp-content\/uploads\/2019\/07\/IMG_0361-e1599036154967.jpg\" \/>\n\t<meta property=\"og:image:width\" content=\"1920\" \/>\n\t<meta property=\"og:image:height\" content=\"331\" \/>\n\t<meta property=\"og:image:type\" content=\"image\/jpeg\" \/>\n<meta name=\"twitter:card\" content=\"summary_large_image\" \/>\n<script type=\"application\/ld+json\" class=\"yoast-schema-graph\">{\"@context\":\"https:\\\/\\\/schema.org\",\"@graph\":[{\"@type\":\"WebPage\",\"@id\":\"https:\\\/\\\/boatrental-giethoorn.eu\\\/de\\\/kreuzfahrt-durch-giethoorn\\\/\",\"url\":\"https:\\\/\\\/boatrental-giethoorn.eu\\\/de\\\/kreuzfahrt-durch-giethoorn\\\/\",\"name\":\"Kreuzfahrt Giethoorn - BoatRental-Giethoorn.EU - with a boatcruise\",\"isPartOf\":{\"@id\":\"https:\\\/\\\/boatrental-giethoorn.eu\\\/de\\\/#website\"},\"primaryImageOfPage\":{\"@id\":\"https:\\\/\\\/boatrental-giethoorn.eu\\\/de\\\/kreuzfahrt-durch-giethoorn\\\/#primaryimage\"},\"image\":{\"@id\":\"https:\\\/\\\/boatrental-giethoorn.eu\\\/de\\\/kreuzfahrt-durch-giethoorn\\\/#primaryimage\"},\"thumbnailUrl\":\"https:\\\/\\\/boatrental-giethoorn.eu\\\/wp-content\\\/uploads\\\/2019\\\/07\\\/IMG_0361-e1599036154967.jpg\",\"datePublished\":\"2019-02-09T09:53:01+00:00\",\"dateModified\":\"2025-12-30T10:37:59+00:00\",\"description\":\"Kreuzfahrt Giethoorn. Ein lokaler F\u00fchrer wird einige Geschichte liefern, damit Sie Giethoorn von seiner besten Seite erleben k\u00f6nnen.\",\"breadcrumb\":{\"@id\":\"https:\\\/\\\/boatrental-giethoorn.eu\\\/de\\\/kreuzfahrt-durch-giethoorn\\\/#breadcrumb\"},\"inLanguage\":\"de\",\"potentialAction\":[{\"@type\":\"ReadAction\",\"target\":[\"https:\\\/\\\/boatrental-giethoorn.eu\\\/de\\\/kreuzfahrt-durch-giethoorn\\\/\"]}]},{\"@type\":\"ImageObject\",\"inLanguage\":\"de\",\"@id\":\"https:\\\/\\\/boatrental-giethoorn.eu\\\/de\\\/kreuzfahrt-durch-giethoorn\\\/#primaryimage\",\"url\":\"https:\\\/\\\/boatrental-giethoorn.eu\\\/wp-content\\\/uploads\\\/2019\\\/07\\\/IMG_0361-e1599036154967.jpg\",\"contentUrl\":\"https:\\\/\\\/boatrental-giethoorn.eu\\\/wp-content\\\/uploads\\\/2019\\\/07\\\/IMG_0361-e1599036154967.jpg\",\"width\":1920,\"height\":331},{\"@type\":\"BreadcrumbList\",\"@id\":\"https:\\\/\\\/boatrental-giethoorn.eu\\\/de\\\/kreuzfahrt-durch-giethoorn\\\/#breadcrumb\",\"itemListElement\":[{\"@type\":\"ListItem\",\"position\":1,\"name\":\"Home\",\"item\":\"https:\\\/\\\/boatrental-giethoorn.eu\\\/de\\\/\"},{\"@type\":\"ListItem\",\"position\":2,\"name\":\"Kreuzfahrt Giethoorn\"}]},{\"@type\":\"WebSite\",\"@id\":\"https:\\\/\\\/boatrental-giethoorn.eu\\\/de\\\/#website\",\"url\":\"https:\\\/\\\/boatrental-giethoorn.eu\\\/de\\\/\",\"name\":\"BoatRental-Giethoorn.EU\",\"description\":\"\",\"publisher\":{\"@id\":\"https:\\\/\\\/boatrental-giethoorn.eu\\\/de\\\/#organization\"},\"potentialAction\":[{\"@type\":\"SearchAction\",\"target\":{\"@type\":\"EntryPoint\",\"urlTemplate\":\"https:\\\/\\\/boatrental-giethoorn.eu\\\/de\\\/?s={search_term_string}\"},\"query-input\":{\"@type\":\"PropertyValueSpecification\",\"valueRequired\":true,\"valueName\":\"search_term_string\"}}],\"inLanguage\":\"de\"},{\"@type\":\"Organization\",\"@id\":\"https:\\\/\\\/boatrental-giethoorn.eu\\\/de\\\/#organization\",\"name\":\"Boatrental-Giethoorn.EU\",\"url\":\"https:\\\/\\\/boatrental-giethoorn.eu\\\/de\\\/\",\"logo\":{\"@type\":\"ImageObject\",\"inLanguage\":\"de\",\"@id\":\"https:\\\/\\\/boatrental-giethoorn.eu\\\/de\\\/#\\\/schema\\\/logo\\\/image\\\/\",\"url\":\"https:\\\/\\\/boatrental-giethoorn.eu\\\/wp-content\\\/uploads\\\/2018\\\/02\\\/logo.png\",\"contentUrl\":\"https:\\\/\\\/boatrental-giethoorn.eu\\\/wp-content\\\/uploads\\\/2018\\\/02\\\/logo.png\",\"width\":512,\"height\":512,\"caption\":\"Boatrental-Giethoorn.EU\"},\"image\":{\"@id\":\"https:\\\/\\\/boatrental-giethoorn.eu\\\/de\\\/#\\\/schema\\\/logo\\\/image\\\/\"},\"sameAs\":[\"https:\\\/\\\/www.instagram.com\\\/boatrentalgiethoorn\\\/\",\"https:\\\/\\\/www.youtube.com\\\/channel\\\/UCeJHOxUyAIQzOLD7njLayAw\"]}]}<\/script>\n<!-- \/ Yoast SEO plugin. -->","yoast_head_json":{"title":"Kreuzfahrt Giethoorn - BoatRental-Giethoorn.EU - with a boatcruise","description":"Kreuzfahrt Giethoorn. Ein lokaler F\u00fchrer wird einige Geschichte liefern, damit Sie Giethoorn von seiner besten Seite erleben k\u00f6nnen.","robots":{"index":"index","follow":"follow","max-snippet":"max-snippet:-1","max-image-preview":"max-image-preview:large","max-video-preview":"max-video-preview:-1"},"canonical":"https:\/\/boatrental-giethoorn.eu\/de\/kreuzfahrt-durch-giethoorn\/","og_locale":"de_DE","og_type":"article","og_title":"Kreuzfahrt Giethoorn - BoatRental-Giethoorn.EU - with a boatcruise","og_description":"Kreuzfahrt Giethoorn. Ein lokaler F\u00fchrer wird einige Geschichte liefern, damit Sie Giethoorn von seiner besten Seite erleben k\u00f6nnen.","og_url":"https:\/\/boatrental-giethoorn.eu\/de\/kreuzfahrt-durch-giethoorn\/","og_site_name":"BoatRental-Giethoorn.EU","article_modified_time":"2025-12-30T10:37:59+00:00","og_image":[{"width":1920,"height":331,"url":"https:\/\/boatrental-giethoorn.eu\/wp-content\/uploads\/2019\/07\/IMG_0361-e1599036154967.jpg","type":"image\/jpeg"}],"twitter_card":"summary_large_image","schema":{"@context":"https:\/\/schema.org","@graph":[{"@type":"WebPage","@id":"https:\/\/boatrental-giethoorn.eu\/de\/kreuzfahrt-durch-giethoorn\/","url":"https:\/\/boatrental-giethoorn.eu\/de\/kreuzfahrt-durch-giethoorn\/","name":"Kreuzfahrt Giethoorn - BoatRental-Giethoorn.EU - with a boatcruise","isPartOf":{"@id":"https:\/\/boatrental-giethoorn.eu\/de\/#website"},"primaryImageOfPage":{"@id":"https:\/\/boatrental-giethoorn.eu\/de\/kreuzfahrt-durch-giethoorn\/#primaryimage"},"image":{"@id":"https:\/\/boatrental-giethoorn.eu\/de\/kreuzfahrt-durch-giethoorn\/#primaryimage"},"thumbnailUrl":"https:\/\/boatrental-giethoorn.eu\/wp-content\/uploads\/2019\/07\/IMG_0361-e1599036154967.jpg","datePublished":"2019-02-09T09:53:01+00:00","dateModified":"2025-12-30T10:37:59+00:00","description":"Kreuzfahrt Giethoorn. Ein lokaler F\u00fchrer wird einige Geschichte liefern, damit Sie Giethoorn von seiner besten Seite erleben k\u00f6nnen.","breadcrumb":{"@id":"https:\/\/boatrental-giethoorn.eu\/de\/kreuzfahrt-durch-giethoorn\/#breadcrumb"},"inLanguage":"de","potentialAction":[{"@type":"ReadAction","target":["https:\/\/boatrental-giethoorn.eu\/de\/kreuzfahrt-durch-giethoorn\/"]}]},{"@type":"ImageObject","inLanguage":"de","@id":"https:\/\/boatrental-giethoorn.eu\/de\/kreuzfahrt-durch-giethoorn\/#primaryimage","url":"https:\/\/boatrental-giethoorn.eu\/wp-content\/uploads\/2019\/07\/IMG_0361-e1599036154967.jpg","contentUrl":"https:\/\/boatrental-giethoorn.eu\/wp-content\/uploads\/2019\/07\/IMG_0361-e1599036154967.jpg","width":1920,"height":331},{"@type":"BreadcrumbList","@id":"https:\/\/boatrental-giethoorn.eu\/de\/kreuzfahrt-durch-giethoorn\/#breadcrumb","itemListElement":[{"@type":"ListItem","position":1,"name":"Home","item":"https:\/\/boatrental-giethoorn.eu\/de\/"},{"@type":"ListItem","position":2,"name":"Kreuzfahrt Giethoorn"}]},{"@type":"WebSite","@id":"https:\/\/boatrental-giethoorn.eu\/de\/#website","url":"https:\/\/boatrental-giethoorn.eu\/de\/","name":"BoatRental-Giethoorn.EU","description":"","publisher":{"@id":"https:\/\/boatrental-giethoorn.eu\/de\/#organization"},"potentialAction":[{"@type":"SearchAction","target":{"@type":"EntryPoint","urlTemplate":"https:\/\/boatrental-giethoorn.eu\/de\/?s={search_term_string}"},"query-input":{"@type":"PropertyValueSpecification","valueRequired":true,"valueName":"search_term_string"}}],"inLanguage":"de"},{"@type":"Organization","@id":"https:\/\/boatrental-giethoorn.eu\/de\/#organization","name":"Boatrental-Giethoorn.EU","url":"https:\/\/boatrental-giethoorn.eu\/de\/","logo":{"@type":"ImageObject","inLanguage":"de","@id":"https:\/\/boatrental-giethoorn.eu\/de\/#\/schema\/logo\/image\/","url":"https:\/\/boatrental-giethoorn.eu\/wp-content\/uploads\/2018\/02\/logo.png","contentUrl":"https:\/\/boatrental-giethoorn.eu\/wp-content\/uploads\/2018\/02\/logo.png","width":512,"height":512,"caption":"Boatrental-Giethoorn.EU"},"image":{"@id":"https:\/\/boatrental-giethoorn.eu\/de\/#\/schema\/logo\/image\/"},"sameAs":["https:\/\/www.instagram.com\/boatrentalgiethoorn\/","https:\/\/www.youtube.com\/channel\/UCeJHOxUyAIQzOLD7njLayAw"]}]}},"_links":{"self":[{"href":"https:\/\/boatrental-giethoorn.eu\/de\/wp-json\/wp\/v2\/pages\/1249","targetHints":{"allow":["GET"]}}],"collection":[{"href":"https:\/\/boatrental-giethoorn.eu\/de\/wp-json\/wp\/v2\/pages"}],"about":[{"href":"https:\/\/boatrental-giethoorn.eu\/de\/wp-json\/wp\/v2\/types\/page"}],"author":[{"embeddable":true,"href":"https:\/\/boatrental-giethoorn.eu\/de\/wp-json\/wp\/v2\/users\/1"}],"replies":[{"embeddable":true,"href":"https:\/\/boatrental-giethoorn.eu\/de\/wp-json\/wp\/v2\/comments?post=1249"}],"version-history":[{"count":3,"href":"https:\/\/boatrental-giethoorn.eu\/de\/wp-json\/wp\/v2\/pages\/1249\/revisions"}],"predecessor-version":[{"id":2896,"href":"https:\/\/boatrental-giethoorn.eu\/de\/wp-json\/wp\/v2\/pages\/1249\/revisions\/2896"}],"wp:featuredmedia":[{"embeddable":true,"href":"https:\/\/boatrental-giethoorn.eu\/de\/wp-json\/wp\/v2\/media\/771"}],"wp:attachment":[{"href":"https:\/\/boatrental-giethoorn.eu\/de\/wp-json\/wp\/v2\/media?parent=1249"}],"curies":[{"name":"wp","href":"https:\/\/api.w.org\/{rel}","templated":true}]}}