{"id":1242,"date":"2019-02-27T12:02:53","date_gmt":"2019-02-27T11:02:53","guid":{"rendered":"https:\/\/boatrental-giethoorn.eu\/rent-a-boat\/"},"modified":"2025-12-30T11:36:43","modified_gmt":"2025-12-30T10:36:43","slug":"bootsverleih","status":"publish","type":"page","link":"https:\/\/boatrental-giethoorn.eu\/de\/bootsverleih\/","title":{"rendered":"Bootsverleih"},"content":{"rendered":"<!-- BEGINN: BOOTAUSWAHL-BEREICH --><style >\n  .boats-section {\n    background-color: #ffffff;\n    padding: 3rem 1rem;\n    text-align: center;\n  }\n\n  .boats-section h2 {\n    margin-bottom: 0.5rem;\n  }\n\n  .boats-section p.lead {\n    margin-bottom: 2rem;\n    font-size: 1.1rem;\n    color: #555;\n  }\n\n  .boats-grid {\n    display: flex;\n    flex-wrap: wrap;\n    justify-content: center;\n    gap: 2rem;\n  }\n\n  .boat-card {\n    display: flex;\n    flex-direction: column;\n    width: 250px;\n    height: 400px;\n    text-decoration: none;\n    color: inherit;\n    border: 1px solid #ddd;\n    border-radius: 8px;\n    overflow: hidden;\n    transition: box-shadow 0.3s;\n    background-color: #fafafa;\n  }\n\n  .boat-card:hover {\n    box-shadow: 0 4px 12px rgba(0, 0, 0, 0.15);\n  }\n\n  .boat-card img {\n    width: 100%;\n    height: 180px;\n    object-fit: contain;\n    background-color: #fff;\n  }\n\n  .boat-card-content {\n    flex-grow: 1;\n    padding: 1rem;\n    display: flex;\n    flex-direction: column;\n    justify-content: space-between;\n  }\n\n  .boat-card h3 {\n    margin: 0;\n    font-size: 1.2rem;\n  }\n\n  .boat-card p {\n    margin: 0.5rem 0;\n  }\n\n  @media screen and (max-width: 600px) {\n    .boat-card {\n      width: 100%;\n      max-width: 350px;\n    }\n  }\n<\/style><section  class=\"boats-section\">\n  <h2 >Unsere Boote<\/h2>\n  <p  class=\"lead\">W\u00e4hlen Sie eines unserer leisen Elektroboote \u2014 kein F\u00fchrerschein erforderlich!<\/p>\n\n  <div  class=\"boats-grid\">\n\n    <!-- Boot f\u00fcr 4 Personen -->\n    <a  href=\"https:\/\/boatrental-giethoorn.letsbook.app\/en-us\/form?dockId=faafcd2b-e3ab-4588-8404-e9cd7a99bc64&amp;partnerCode=breu\" class=\"boat-card\" target=\"_blank\" rel=\"noopener\">\n      <img decoding=\"async\"  src=\"https:\/\/boatrental-giethoorn.eu\/wp-content\/uploads\/2020\/06\/cropped-Boot-4-p-met-kussens-e1592467011913-2.png\" alt=\"Boot f\u00fcr 4 Personen\">\n      <div  class=\"boat-card-content\">\n        <h3 >Boot f\u00fcr 4 Personen<\/h3>\n        <p >Ab \u20ac22,50 pro Stunde<\/p>\n        <p >Jetzt buchen<\/p>\n      <\/div>\n    <\/a>\n\n    <!-- Boot f\u00fcr 6 Personen -->\n    <a  href=\"https:\/\/boatrental-giethoorn.letsbook.app\/en-us\/form?dockId=faafcd2b-e3ab-4588-8404-e9cd7a99bc64&amp;partnerCode=breu\" class=\"boat-card\" target=\"_blank\" rel=\"noopener\">\n      <img decoding=\"async\"  src=\"https:\/\/boatrental-giethoorn.eu\/wp-content\/uploads\/2025\/03\/cropped-WhatsApp-Image-2023-07-10-at-13.52.37-PhotoRoom.png-PhotoRoom.png\" alt=\"Boot f\u00fcr 6 Personen\">\n      <div  class=\"boat-card-content\">\n        <h3 >Boot f\u00fcr 6 Personen<\/h3>\n        <p >Ab \u20ac27,50 pro Stunde<\/p>\n        <p >Jetzt buchen<\/p>\n      <\/div>\n    <\/a>\n\n    <!-- Boot f\u00fcr 8 Personen -->\n    <a  href=\"https:\/\/boatrental-giethoorn.letsbook.app\/en-us\/form?dockId=faafcd2b-e3ab-4588-8404-e9cd7a99bc64&amp;partnerCode=breu\" class=\"boat-card\" target=\"_blank\" rel=\"noopener\">\n      <img decoding=\"async\"  src=\"https:\/\/boatrental-giethoorn.eu\/wp-content\/uploads\/2020\/06\/cropped-sloepje-e1592467236163-1.png\" alt=\"Boot f\u00fcr 8 Personen\">\n      <div  class=\"boat-card-content\">\n        <h3 >Boot f\u00fcr 8 Personen<\/h3>\n        <p >Ab \u20ac32,50 pro Stunde<\/p>\n        <p >Jetzt buchen<\/p>\n      <\/div>\n    <\/a>\n\n    <!-- Boot f\u00fcr 12 Personen -->\n    <a  href=\"https:\/\/boatrental-giethoorn.letsbook.app\/en-us\/form?dockId=faafcd2b-e3ab-4588-8404-e9cd7a99bc64&amp;partnerCode=breu\" class=\"boat-card\" target=\"_blank\" rel=\"noopener\">\n      <img decoding=\"async\"  src=\"https:\/\/boatrental-giethoorn.eu\/wp-content\/uploads\/2020\/06\/cropped-Boot-12p-1-e1592467381247-2.png\" alt=\"Boot f\u00fcr 12 Personen\">\n      <div  class=\"boat-card-content\">\n        <h3 >Boot f\u00fcr 12 Personen<\/h3>\n        <p >Ab \u20ac40,00 pro Stunde<\/p>\n        <p >Jetzt buchen<\/p>\n      <\/div>\n    <\/a>\n\n  <\/div>\n<\/section><!-- BEGINN: ERFOLGSSECTION --><section  style=\"background-color: #f5fafd; padding: 3rem 1rem;\">\n  <div  style=\"display: flex; flex-wrap: wrap;\">\n    <div  style=\"flex: 1; min-width: 300px; background-image: url('https:\/\/boatrental-giethoorn.eu\/wp-content\/uploads\/2018\/06\/cropped-IMG_0327-e1528295889376.jpg'); background-size: cover; background-position: center; height: 350px; border-radius: 8px;\"><\/div>\n    <div  style=\"flex: 2; min-width: 300px; padding: 2rem;\">\n      <h2 >Unser Erfolgsgeheimnis<\/h2>\n      <p ><strong >Unsere elektrischen Boote, freundlicher Service und wundersch\u00f6ne Routen sind ideal f\u00fcr Anf\u00e4nger und erfahrene Bootsfahrer.<\/strong><\/p>\n      <p >M\u00f6chten Sie lieber an Land bleiben? Entdecken Sie unsere <a  href=\"https:\/\/boatrental-giethoorn.eu\/de\/fahrradverleih\/\" target=\"_blank\" rel=\"noopener noreferrer\">Fahrr\u00e4der<\/a>, angeboten in Zusammenarbeit mit dem <a  href=\"https:\/\/www.hotel-giethoorn.com\" target=\"_blank\" rel=\"noopener noreferrer\" class=\"\">Hotel Giethoorn<\/a>.<\/p>\n\n      <div  style=\"display: flex; flex-wrap: wrap; gap: 2rem; margin-top: 2rem;\">\n        <div  style=\"flex: 1; min-width: 250px;\">\n          <h4 >Check-in per App<\/h4>\n          <p >Nach Ihrer Buchung erhalten Sie einen pers\u00f6nlichen Link zur Check-in-App. Damit k\u00f6nnen Sie Ihr Boot einfach und kontaktlos vorbereiten \u2013 ganz ohne Wartezeiten.<\/p>\n        <\/div>\n        <div  style=\"flex: 1; min-width: 250px;\">\n          <h4 >Hilfsbereites Serviceteam<\/h4>\n          <p >Bei Fragen oder Problemen steht unser mehrsprachiges Serviceteam telefonisch f\u00fcr Sie bereit \u2013 vor oder w\u00e4hrend Ihrer Fahrt.<\/p>\n        <\/div>\n        <div  style=\"flex: 1; min-width: 250px;\">\n          <h4 >Luxuri\u00f6se &amp; leise Elektroboote<\/h4>\n          <p >Unsere Boote sind elektrisch, ruhig und ausgestattet mit weichen Sitzkissen und einem Lenkrad \u2013 perfekt, um Giethoorn in aller Ruhe zu genie\u00dfen.<\/p>\n        <\/div>\n        <div  style=\"flex: 1; min-width: 250px;\">\n          <h4 >Kein F\u00fchrerschein erforderlich<\/h4>\n          <p >Bei uns ben\u00f6tigen Sie keinen Bootsf\u00fchrerschein. Einfach zu bedienen, sicher und ein tolles Erlebnis f\u00fcr die ganze Familie.<\/p>\n        <\/div>\n      <\/div>\n    <\/div>\n  <\/div>\n<\/section><!-- ENDE: ERFOLGSSECTION --><p ><\/p>","protected":false},"excerpt":{"rendered":"<p>Unsere Boote W\u00e4hlen Sie eines unserer leisen Elektroboote \u2014 kein F\u00fchrerschein erforderlich! Boot f\u00fcr 4 Personen Ab \u20ac22,50 pro Stunde Jetzt buchen Boot f\u00fcr 6 Personen Ab \u20ac27,50 pro Stunde Jetzt buchen Boot f\u00fcr 8 Personen Ab \u20ac32,50 pro Stunde Jetzt buchen Boot f\u00fcr 12 Personen Ab \u20ac40,00 pro Stunde Jetzt buchen Unser Erfolgsgeheimnis Unsere&hellip; <br \/> <a class=\"read-more\" href=\"https:\/\/boatrental-giethoorn.eu\/de\/bootsverleih\/\">Read more<\/a><\/p>\n","protected":false},"author":1,"featured_media":771,"parent":0,"menu_order":0,"comment_status":"closed","ping_status":"closed","template":"pro\/page-templates\/full-width-page.php","meta":{"footnotes":""},"class_list":["post-1242","page","type-page","status-publish","has-post-thumbnail","hentry"],"yoast_head":"<!-- This site is optimized with the Yoast SEO plugin v27.5 - https:\/\/yoast.com\/product\/yoast-seo-wordpress\/ -->\n<title>Bootsverleih - BoatRental-Giethoorn.EU - Ein Boot mieten<\/title>\n<meta name=\"description\" content=\"Mieten Sie ein g\u00fcnstiges Boot in unserem Bootsverleih in Giethoorn. Luxuri\u00f6se Boote mit weichen Kissen und Lenkr\u00e4dern.\" \/>\n<meta name=\"robots\" content=\"index, follow, max-snippet:-1, max-image-preview:large, max-video-preview:-1\" \/>\n<link rel=\"canonical\" href=\"https:\/\/boatrental-giethoorn.eu\/de\/bootsverleih\/\" \/>\n<meta property=\"og:locale\" content=\"de_DE\" \/>\n<meta property=\"og:type\" content=\"article\" \/>\n<meta property=\"og:title\" content=\"Bootsverleih - BoatRental-Giethoorn.EU - Ein Boot mieten\" \/>\n<meta property=\"og:description\" content=\"Mieten Sie ein g\u00fcnstiges Boot in unserem Bootsverleih in Giethoorn. Luxuri\u00f6se Boote mit weichen Kissen und Lenkr\u00e4dern.\" \/>\n<meta property=\"og:url\" content=\"https:\/\/boatrental-giethoorn.eu\/de\/bootsverleih\/\" \/>\n<meta property=\"og:site_name\" content=\"BoatRental-Giethoorn.EU\" \/>\n<meta property=\"article:modified_time\" content=\"2025-12-30T10:36:43+00:00\" \/>\n<meta property=\"og:image\" content=\"https:\/\/boatrental-giethoorn.eu\/wp-content\/uploads\/2019\/07\/IMG_0361-e1599036154967.jpg\" \/>\n\t<meta property=\"og:image:width\" content=\"1920\" \/>\n\t<meta property=\"og:image:height\" content=\"331\" \/>\n\t<meta property=\"og:image:type\" content=\"image\/jpeg\" \/>\n<meta name=\"twitter:card\" content=\"summary_large_image\" \/>\n<meta name=\"twitter:label1\" content=\"Gesch\u00e4tzte Lesezeit\" \/>\n\t<meta name=\"twitter:data1\" content=\"2\u00a0Minuten\" \/>\n<script type=\"application\/ld+json\" class=\"yoast-schema-graph\">{\"@context\":\"https:\\\/\\\/schema.org\",\"@graph\":[{\"@type\":\"WebPage\",\"@id\":\"https:\\\/\\\/boatrental-giethoorn.eu\\\/de\\\/bootsverleih\\\/\",\"url\":\"https:\\\/\\\/boatrental-giethoorn.eu\\\/de\\\/bootsverleih\\\/\",\"name\":\"Bootsverleih - BoatRental-Giethoorn.EU - Ein Boot mieten\",\"isPartOf\":{\"@id\":\"https:\\\/\\\/boatrental-giethoorn.eu\\\/de\\\/#website\"},\"primaryImageOfPage\":{\"@id\":\"https:\\\/\\\/boatrental-giethoorn.eu\\\/de\\\/bootsverleih\\\/#primaryimage\"},\"image\":{\"@id\":\"https:\\\/\\\/boatrental-giethoorn.eu\\\/de\\\/bootsverleih\\\/#primaryimage\"},\"thumbnailUrl\":\"https:\\\/\\\/boatrental-giethoorn.eu\\\/wp-content\\\/uploads\\\/2019\\\/07\\\/IMG_0361-e1599036154967.jpg\",\"datePublished\":\"2019-02-27T11:02:53+00:00\",\"dateModified\":\"2025-12-30T10:36:43+00:00\",\"description\":\"Mieten Sie ein g\u00fcnstiges Boot in unserem Bootsverleih in Giethoorn. Luxuri\u00f6se Boote mit weichen Kissen und Lenkr\u00e4dern.\",\"breadcrumb\":{\"@id\":\"https:\\\/\\\/boatrental-giethoorn.eu\\\/de\\\/bootsverleih\\\/#breadcrumb\"},\"inLanguage\":\"de\",\"potentialAction\":[{\"@type\":\"ReadAction\",\"target\":[\"https:\\\/\\\/boatrental-giethoorn.eu\\\/de\\\/bootsverleih\\\/\"]}]},{\"@type\":\"ImageObject\",\"inLanguage\":\"de\",\"@id\":\"https:\\\/\\\/boatrental-giethoorn.eu\\\/de\\\/bootsverleih\\\/#primaryimage\",\"url\":\"https:\\\/\\\/boatrental-giethoorn.eu\\\/wp-content\\\/uploads\\\/2019\\\/07\\\/IMG_0361-e1599036154967.jpg\",\"contentUrl\":\"https:\\\/\\\/boatrental-giethoorn.eu\\\/wp-content\\\/uploads\\\/2019\\\/07\\\/IMG_0361-e1599036154967.jpg\",\"width\":1920,\"height\":331},{\"@type\":\"BreadcrumbList\",\"@id\":\"https:\\\/\\\/boatrental-giethoorn.eu\\\/de\\\/bootsverleih\\\/#breadcrumb\",\"itemListElement\":[{\"@type\":\"ListItem\",\"position\":1,\"name\":\"Home\",\"item\":\"https:\\\/\\\/boatrental-giethoorn.eu\\\/de\\\/\"},{\"@type\":\"ListItem\",\"position\":2,\"name\":\"Bootsverleih\"}]},{\"@type\":\"WebSite\",\"@id\":\"https:\\\/\\\/boatrental-giethoorn.eu\\\/de\\\/#website\",\"url\":\"https:\\\/\\\/boatrental-giethoorn.eu\\\/de\\\/\",\"name\":\"BoatRental-Giethoorn.EU\",\"description\":\"\",\"publisher\":{\"@id\":\"https:\\\/\\\/boatrental-giethoorn.eu\\\/de\\\/#organization\"},\"potentialAction\":[{\"@type\":\"SearchAction\",\"target\":{\"@type\":\"EntryPoint\",\"urlTemplate\":\"https:\\\/\\\/boatrental-giethoorn.eu\\\/de\\\/?s={search_term_string}\"},\"query-input\":{\"@type\":\"PropertyValueSpecification\",\"valueRequired\":true,\"valueName\":\"search_term_string\"}}],\"inLanguage\":\"de\"},{\"@type\":\"Organization\",\"@id\":\"https:\\\/\\\/boatrental-giethoorn.eu\\\/de\\\/#organization\",\"name\":\"Boatrental-Giethoorn.EU\",\"url\":\"https:\\\/\\\/boatrental-giethoorn.eu\\\/de\\\/\",\"logo\":{\"@type\":\"ImageObject\",\"inLanguage\":\"de\",\"@id\":\"https:\\\/\\\/boatrental-giethoorn.eu\\\/de\\\/#\\\/schema\\\/logo\\\/image\\\/\",\"url\":\"https:\\\/\\\/boatrental-giethoorn.eu\\\/wp-content\\\/uploads\\\/2018\\\/02\\\/logo.png\",\"contentUrl\":\"https:\\\/\\\/boatrental-giethoorn.eu\\\/wp-content\\\/uploads\\\/2018\\\/02\\\/logo.png\",\"width\":512,\"height\":512,\"caption\":\"Boatrental-Giethoorn.EU\"},\"image\":{\"@id\":\"https:\\\/\\\/boatrental-giethoorn.eu\\\/de\\\/#\\\/schema\\\/logo\\\/image\\\/\"},\"sameAs\":[\"https:\\\/\\\/www.instagram.com\\\/boatrentalgiethoorn\\\/\",\"https:\\\/\\\/www.youtube.com\\\/channel\\\/UCeJHOxUyAIQzOLD7njLayAw\"]}]}<\/script>\n<!-- \/ Yoast SEO plugin. -->","yoast_head_json":{"title":"Bootsverleih - BoatRental-Giethoorn.EU - Ein Boot mieten","description":"Mieten Sie ein g\u00fcnstiges Boot in unserem Bootsverleih in Giethoorn. Luxuri\u00f6se Boote mit weichen Kissen und Lenkr\u00e4dern.","robots":{"index":"index","follow":"follow","max-snippet":"max-snippet:-1","max-image-preview":"max-image-preview:large","max-video-preview":"max-video-preview:-1"},"canonical":"https:\/\/boatrental-giethoorn.eu\/de\/bootsverleih\/","og_locale":"de_DE","og_type":"article","og_title":"Bootsverleih - BoatRental-Giethoorn.EU - Ein Boot mieten","og_description":"Mieten Sie ein g\u00fcnstiges Boot in unserem Bootsverleih in Giethoorn. Luxuri\u00f6se Boote mit weichen Kissen und Lenkr\u00e4dern.","og_url":"https:\/\/boatrental-giethoorn.eu\/de\/bootsverleih\/","og_site_name":"BoatRental-Giethoorn.EU","article_modified_time":"2025-12-30T10:36:43+00:00","og_image":[{"width":1920,"height":331,"url":"https:\/\/boatrental-giethoorn.eu\/wp-content\/uploads\/2019\/07\/IMG_0361-e1599036154967.jpg","type":"image\/jpeg"}],"twitter_card":"summary_large_image","twitter_misc":{"Gesch\u00e4tzte Lesezeit":"2\u00a0Minuten"},"schema":{"@context":"https:\/\/schema.org","@graph":[{"@type":"WebPage","@id":"https:\/\/boatrental-giethoorn.eu\/de\/bootsverleih\/","url":"https:\/\/boatrental-giethoorn.eu\/de\/bootsverleih\/","name":"Bootsverleih - BoatRental-Giethoorn.EU - Ein Boot mieten","isPartOf":{"@id":"https:\/\/boatrental-giethoorn.eu\/de\/#website"},"primaryImageOfPage":{"@id":"https:\/\/boatrental-giethoorn.eu\/de\/bootsverleih\/#primaryimage"},"image":{"@id":"https:\/\/boatrental-giethoorn.eu\/de\/bootsverleih\/#primaryimage"},"thumbnailUrl":"https:\/\/boatrental-giethoorn.eu\/wp-content\/uploads\/2019\/07\/IMG_0361-e1599036154967.jpg","datePublished":"2019-02-27T11:02:53+00:00","dateModified":"2025-12-30T10:36:43+00:00","description":"Mieten Sie ein g\u00fcnstiges Boot in unserem Bootsverleih in Giethoorn. Luxuri\u00f6se Boote mit weichen Kissen und Lenkr\u00e4dern.","breadcrumb":{"@id":"https:\/\/boatrental-giethoorn.eu\/de\/bootsverleih\/#breadcrumb"},"inLanguage":"de","potentialAction":[{"@type":"ReadAction","target":["https:\/\/boatrental-giethoorn.eu\/de\/bootsverleih\/"]}]},{"@type":"ImageObject","inLanguage":"de","@id":"https:\/\/boatrental-giethoorn.eu\/de\/bootsverleih\/#primaryimage","url":"https:\/\/boatrental-giethoorn.eu\/wp-content\/uploads\/2019\/07\/IMG_0361-e1599036154967.jpg","contentUrl":"https:\/\/boatrental-giethoorn.eu\/wp-content\/uploads\/2019\/07\/IMG_0361-e1599036154967.jpg","width":1920,"height":331},{"@type":"BreadcrumbList","@id":"https:\/\/boatrental-giethoorn.eu\/de\/bootsverleih\/#breadcrumb","itemListElement":[{"@type":"ListItem","position":1,"name":"Home","item":"https:\/\/boatrental-giethoorn.eu\/de\/"},{"@type":"ListItem","position":2,"name":"Bootsverleih"}]},{"@type":"WebSite","@id":"https:\/\/boatrental-giethoorn.eu\/de\/#website","url":"https:\/\/boatrental-giethoorn.eu\/de\/","name":"BoatRental-Giethoorn.EU","description":"","publisher":{"@id":"https:\/\/boatrental-giethoorn.eu\/de\/#organization"},"potentialAction":[{"@type":"SearchAction","target":{"@type":"EntryPoint","urlTemplate":"https:\/\/boatrental-giethoorn.eu\/de\/?s={search_term_string}"},"query-input":{"@type":"PropertyValueSpecification","valueRequired":true,"valueName":"search_term_string"}}],"inLanguage":"de"},{"@type":"Organization","@id":"https:\/\/boatrental-giethoorn.eu\/de\/#organization","name":"Boatrental-Giethoorn.EU","url":"https:\/\/boatrental-giethoorn.eu\/de\/","logo":{"@type":"ImageObject","inLanguage":"de","@id":"https:\/\/boatrental-giethoorn.eu\/de\/#\/schema\/logo\/image\/","url":"https:\/\/boatrental-giethoorn.eu\/wp-content\/uploads\/2018\/02\/logo.png","contentUrl":"https:\/\/boatrental-giethoorn.eu\/wp-content\/uploads\/2018\/02\/logo.png","width":512,"height":512,"caption":"Boatrental-Giethoorn.EU"},"image":{"@id":"https:\/\/boatrental-giethoorn.eu\/de\/#\/schema\/logo\/image\/"},"sameAs":["https:\/\/www.instagram.com\/boatrentalgiethoorn\/","https:\/\/www.youtube.com\/channel\/UCeJHOxUyAIQzOLD7njLayAw"]}]}},"_links":{"self":[{"href":"https:\/\/boatrental-giethoorn.eu\/de\/wp-json\/wp\/v2\/pages\/1242","targetHints":{"allow":["GET"]}}],"collection":[{"href":"https:\/\/boatrental-giethoorn.eu\/de\/wp-json\/wp\/v2\/pages"}],"about":[{"href":"https:\/\/boatrental-giethoorn.eu\/de\/wp-json\/wp\/v2\/types\/page"}],"author":[{"embeddable":true,"href":"https:\/\/boatrental-giethoorn.eu\/de\/wp-json\/wp\/v2\/users\/1"}],"replies":[{"embeddable":true,"href":"https:\/\/boatrental-giethoorn.eu\/de\/wp-json\/wp\/v2\/comments?post=1242"}],"version-history":[{"count":21,"href":"https:\/\/boatrental-giethoorn.eu\/de\/wp-json\/wp\/v2\/pages\/1242\/revisions"}],"predecessor-version":[{"id":2894,"href":"https:\/\/boatrental-giethoorn.eu\/de\/wp-json\/wp\/v2\/pages\/1242\/revisions\/2894"}],"wp:featuredmedia":[{"embeddable":true,"href":"https:\/\/boatrental-giethoorn.eu\/de\/wp-json\/wp\/v2\/media\/771"}],"wp:attachment":[{"href":"https:\/\/boatrental-giethoorn.eu\/de\/wp-json\/wp\/v2\/media?parent=1242"}],"curies":[{"name":"wp","href":"https:\/\/api.w.org\/{rel}","templated":true}]}}