{"id":1236,"date":"2018-07-16T11:23:21","date_gmt":"2018-07-16T10:23:21","guid":{"rendered":"https:\/\/boatrental-giethoorn.eu\/rent-a-bicycle\/"},"modified":"2024-10-29T15:02:13","modified_gmt":"2024-10-29T14:02:13","slug":"fahrradverleih","status":"publish","type":"page","link":"https:\/\/boatrental-giethoorn.eu\/de\/fahrradverleih\/","title":{"rendered":"Fahrradverleih"},"content":{"rendered":"<div  data-label=\"About\" data-id=\"about--1\" data-export-id=\"about-9\" data-category=\"about\" class=\"about-9 content-section content-section-spacing\" id=\"about-1\" style=\"background-color: rgb(245, 250, 253);\">\n<div  class=\"gridContainer\">\n<div  class=\"row middle-sm text-center\">\n<div  class=\"col-sm-5 space-bottom-xs content-column content-right-sm\" data-type=\"column\">\n<h2  class=\"\">Mieten Sie ein Fahrrad und entdecken Sie die wundersch\u00f6ne niederl\u00e4ndische Landschaft.<\/h2>\n<p  class=\"\" style=\"text-align: center;\">F\u00fcr nur 10 Euro pro Tag k\u00f6nnen Sie bei <a data-mce-href=\"https:\/\/www.hotel-giethoorn.com\" href=\"https:\/\/www.hotel-giethoorn.com\" target=\"_blank\" data-mce-selected=\"inline-boundary\" data-cp-link=\"1\" rel=\"noopener\" class=\"\">Hotel Giethoorn<\/a> ein Fahrrad mieten.\n<br ><br ><br >\nDas Gebiet, in dem sich Giethoorn befindet, hei\u00dft \u201eWeerribben Wieden\u201c und verspricht stundenlangen Fahrradspa\u00df. Weerribben Wieden ist ein Gebiet mit viel Wasser, so dass Sie m\u00f6glicherweise auf einen Wasserbus oder ein Aquadukt sto\u00dfen. Beide sind typisch niederl\u00e4ndisch und bieten Ihnen ein echtes Sightseeing-Erlebnis, w\u00e4hrend Sie die wundersch\u00f6ne Gegend genie\u00dfen.\n<br ><br >\nWillst du nicht radeln? <a data-mce-href=\"..\/bootsverleih\/\" href=\"https:\/\/boatrental-giethoorn.eu\/de\/bootsverleih\" target=\"_self\" data-mce-selected=\"inline-boundary\" data-cp-link=\"1\" rel=\"noopener\">Ein Boot mieten!<\/a><\/p>\n<p  class=\"\" style=\"text-align: center;\"><b >Hast Du gewusst?\n<\/b><br >\nWenn Sie Ihr Leihrad von Boatrental Giethoorn aus radeln, besuchen Sie tats\u00e4chlich einen ganz besonderen Ort. Weerribben Wieden ist der gr\u00f6\u00dfte Sumpf Nordwesteuropas. Und: Von Menschenhand hergestellt, entstehen meist aus der Gewinnung von Wasser. Wissenswertes<\/p>\n<p  class=\"\" style=\"text-align: center;\"><b >\n<br ><br >lustige Fakten:\n<\/b><br >Alles, was Sie \u00fcber die niederl\u00e4ndische Fahrradkultur wissen m\u00fcssen. Wussten Sie, dass jeder Niederl\u00e4nder mindestens zwei Fahrr\u00e4der besitzt? Dass Fahrradhelme nicht obligatorisch sind? Und dass es 32.000 km Radwege gibt?<\/p>\n<p  class=\"\" style=\"text-align: center;\"><br ><b >Sie k\u00f6nnen aus 3 Gr\u00f6\u00dfen w\u00e4hlen:<br >\n\u2022 Ein kleines Fahrrad<\/b>\n\n<br >26 inch<br >\nBeste Passform ist Ihre L\u00e4nge zwischen 1,30 und 1,55 Meter<\/p>\n<p  class=\"\" style=\"text-align: center;\"><b >\u2022 Ein mittleres Fahrrad<\/b>\n\n<br >49 Zentimeter Rahmen<br >\nBeste Passform ist Ihre L\u00e4nge ist zwischen 1,55 und 1,75 Meter<\/p>\n<p  class=\"\" style=\"text-align: center;\"><b >\u2022 A. gro\u00dfes Fahrrad<\/b>\n\n<br >51 cm Rahmen\n<br >Die beste Passform ist, dass Ihre L\u00e4nge h\u00f6her als 1,65 ist.<\/p>\n<p  class=\"\"><br ><br >\n<span  style=\"font-style: italic;\">* Die Gr\u00f6\u00dfe des Fahrrads \u00e4ndert nichts am Preis. Sie k\u00f6nnen also ausw\u00e4hlen, welches Fahrrad am besten zu Ihrer L\u00e4nge passt.<br >\n<\/span><br ><br >Bitte denken Sie daran: Wenn Sie Fragen haben, rufen Sie bitte unsere Servicenummer an <a data-mce-href=\"..\/kontakt\/\" href=\"https:\/\/boatrental-giethoorn.eu\/de\/kontakt\" target=\"_self\" data-mce-selected=\"inline-boundary\" data-cp-link=\"1\" rel=\"noopener\">Kontakt Seite<\/a>. Ein Team von hilfsbereiten und gastfreundlichen Helpdesk-Mitarbeitern beantwortet alle Ihre Fragen jederzeit!\n<br ><br >\n<br >Der Verleih ist derzeit geschlossen<\/p>\n<\/div>\n<div  class=\"col-sm-7 flexbox flexbox middle-xs center-xs space-bottom-xs\">\n<div  class=\"overlay-box flexbox middle-xs center-xs overlay-holder \">\n<div  class=\"overlay-box-offset offset-background shadow-medium bg-color2 hide-xs\"><\/div>\n<p > <a data-cp-link=\"1\" href=\"https:\/\/boatrental-giethoorn.eu\/vrienden\" target=\"_blank\" rel=\"noopener noreferrer\" class=\"\"><img decoding=\"async\"  class=\"flexbox shadow-large img1\" src=\"https:\/\/boatrental-giethoorn.eu\/wp-content\/uploads\/2020\/12\/cropped-7386-3013-scaled-1.jpg\" data-size=\"600x400\" alt=\"\" title=\"cropped-7386-3013-scaled-1.jpg\"><\/a><\/p><\/div>\n<\/div>\n<\/div><\/div>\n<\/div><div  data-label=\"Cta\" data-id=\"cta--1\" data-export-id=\"cta-centered-bg-section\" data-category=\"cta\" data-section-ov=\"1\" class=\"cta-centered-bg-section content-section content-section-spacing-medium white-text\" data-parallax-depth=\"20\" id=\"cta-1\" style=\"background-color: rgb(255, 255, 255); background-image: url(&quot;https:\/\/boatrental-giethoorn.eu\/wp-content\/uploads\/2020\/09\/man-3929342_1920.jpg&quot;); background-size: cover; background-position: center top;\">\n<div  class=\"gridContainer\">\n<div  class=\"row text-center\">\n<div  data-type=\"column\" class=\"\">\n\n<\/div>\n<\/div>\n<\/div><\/div>","protected":false},"excerpt":{"rendered":"<p>Mieten Sie ein Fahrrad und entdecken Sie die wundersch\u00f6ne niederl\u00e4ndische Landschaft. F\u00fcr nur 10 Euro pro Tag k\u00f6nnen Sie bei Hotel Giethoorn ein Fahrrad mieten. Das Gebiet, in dem sich Giethoorn befindet, hei\u00dft \u201eWeerribben Wieden\u201c und verspricht stundenlangen Fahrradspa\u00df. Weerribben Wieden ist ein Gebiet mit viel Wasser, so dass Sie m\u00f6glicherweise auf einen Wasserbus oder&hellip; <br \/> <a class=\"read-more\" href=\"https:\/\/boatrental-giethoorn.eu\/de\/fahrradverleih\/\">Read more<\/a><\/p>\n","protected":false},"author":1,"featured_media":771,"parent":0,"menu_order":0,"comment_status":"closed","ping_status":"closed","template":"pro\/page-templates\/full-width-page.php","meta":{"footnotes":""},"class_list":["post-1236","page","type-page","status-publish","has-post-thumbnail","hentry"],"yoast_head":"<!-- This site is optimized with the Yoast SEO plugin v27.4 - https:\/\/yoast.com\/product\/yoast-seo-wordpress\/ -->\n<title>Fahrradverleih - BoatRental-Giethoorn.EU - Gratis Parkpl\u00e4tze<\/title>\n<meta name=\"description\" content=\"Fahrradverleih in Giethoorn, Entdecker Weerribben Wieden am besten. Billiges Fahrrad, kostenlose Parkpl\u00e4tze, kostenlose Streckenkarten.\" \/>\n<meta name=\"robots\" content=\"index, follow, max-snippet:-1, max-image-preview:large, max-video-preview:-1\" \/>\n<link rel=\"canonical\" href=\"https:\/\/boatrental-giethoorn.eu\/de\/fahrradverleih\/\" \/>\n<meta property=\"og:locale\" content=\"de_DE\" \/>\n<meta property=\"og:type\" content=\"article\" \/>\n<meta property=\"og:title\" content=\"Fahrradverleih - BoatRental-Giethoorn.EU - Gratis Parkpl\u00e4tze\" \/>\n<meta property=\"og:description\" content=\"Fahrradverleih in Giethoorn, Entdecker Weerribben Wieden am besten. Billiges Fahrrad, kostenlose Parkpl\u00e4tze, kostenlose Streckenkarten.\" \/>\n<meta property=\"og:url\" content=\"https:\/\/boatrental-giethoorn.eu\/de\/fahrradverleih\/\" \/>\n<meta property=\"og:site_name\" content=\"BoatRental-Giethoorn.EU\" \/>\n<meta property=\"article:modified_time\" content=\"2024-10-29T14:02:13+00:00\" \/>\n<meta property=\"og:image\" content=\"https:\/\/boatrental-giethoorn.eu\/wp-content\/uploads\/2019\/07\/IMG_0361-e1599036154967.jpg\" \/>\n\t<meta property=\"og:image:width\" content=\"1920\" \/>\n\t<meta property=\"og:image:height\" content=\"331\" \/>\n\t<meta property=\"og:image:type\" content=\"image\/jpeg\" \/>\n<meta name=\"twitter:card\" content=\"summary_large_image\" \/>\n<meta name=\"twitter:label1\" content=\"Gesch\u00e4tzte Lesezeit\" \/>\n\t<meta name=\"twitter:data1\" content=\"1\u00a0Minute\" \/>\n<script type=\"application\/ld+json\" class=\"yoast-schema-graph\">{\"@context\":\"https:\\\/\\\/schema.org\",\"@graph\":[{\"@type\":\"WebPage\",\"@id\":\"https:\\\/\\\/boatrental-giethoorn.eu\\\/de\\\/fahrradverleih\\\/\",\"url\":\"https:\\\/\\\/boatrental-giethoorn.eu\\\/de\\\/fahrradverleih\\\/\",\"name\":\"Fahrradverleih - BoatRental-Giethoorn.EU - Gratis Parkpl\u00e4tze\",\"isPartOf\":{\"@id\":\"https:\\\/\\\/boatrental-giethoorn.eu\\\/de\\\/#website\"},\"primaryImageOfPage\":{\"@id\":\"https:\\\/\\\/boatrental-giethoorn.eu\\\/de\\\/fahrradverleih\\\/#primaryimage\"},\"image\":{\"@id\":\"https:\\\/\\\/boatrental-giethoorn.eu\\\/de\\\/fahrradverleih\\\/#primaryimage\"},\"thumbnailUrl\":\"https:\\\/\\\/boatrental-giethoorn.eu\\\/wp-content\\\/uploads\\\/2019\\\/07\\\/IMG_0361-e1599036154967.jpg\",\"datePublished\":\"2018-07-16T10:23:21+00:00\",\"dateModified\":\"2024-10-29T14:02:13+00:00\",\"description\":\"Fahrradverleih in Giethoorn, Entdecker Weerribben Wieden am besten. Billiges Fahrrad, kostenlose Parkpl\u00e4tze, kostenlose Streckenkarten.\",\"breadcrumb\":{\"@id\":\"https:\\\/\\\/boatrental-giethoorn.eu\\\/de\\\/fahrradverleih\\\/#breadcrumb\"},\"inLanguage\":\"de\",\"potentialAction\":[{\"@type\":\"ReadAction\",\"target\":[\"https:\\\/\\\/boatrental-giethoorn.eu\\\/de\\\/fahrradverleih\\\/\"]}]},{\"@type\":\"ImageObject\",\"inLanguage\":\"de\",\"@id\":\"https:\\\/\\\/boatrental-giethoorn.eu\\\/de\\\/fahrradverleih\\\/#primaryimage\",\"url\":\"https:\\\/\\\/boatrental-giethoorn.eu\\\/wp-content\\\/uploads\\\/2019\\\/07\\\/IMG_0361-e1599036154967.jpg\",\"contentUrl\":\"https:\\\/\\\/boatrental-giethoorn.eu\\\/wp-content\\\/uploads\\\/2019\\\/07\\\/IMG_0361-e1599036154967.jpg\",\"width\":1920,\"height\":331},{\"@type\":\"BreadcrumbList\",\"@id\":\"https:\\\/\\\/boatrental-giethoorn.eu\\\/de\\\/fahrradverleih\\\/#breadcrumb\",\"itemListElement\":[{\"@type\":\"ListItem\",\"position\":1,\"name\":\"Home\",\"item\":\"https:\\\/\\\/boatrental-giethoorn.eu\\\/de\\\/\"},{\"@type\":\"ListItem\",\"position\":2,\"name\":\"Fahrradverleih\"}]},{\"@type\":\"WebSite\",\"@id\":\"https:\\\/\\\/boatrental-giethoorn.eu\\\/de\\\/#website\",\"url\":\"https:\\\/\\\/boatrental-giethoorn.eu\\\/de\\\/\",\"name\":\"BoatRental-Giethoorn.EU\",\"description\":\"\",\"publisher\":{\"@id\":\"https:\\\/\\\/boatrental-giethoorn.eu\\\/de\\\/#organization\"},\"potentialAction\":[{\"@type\":\"SearchAction\",\"target\":{\"@type\":\"EntryPoint\",\"urlTemplate\":\"https:\\\/\\\/boatrental-giethoorn.eu\\\/de\\\/?s={search_term_string}\"},\"query-input\":{\"@type\":\"PropertyValueSpecification\",\"valueRequired\":true,\"valueName\":\"search_term_string\"}}],\"inLanguage\":\"de\"},{\"@type\":\"Organization\",\"@id\":\"https:\\\/\\\/boatrental-giethoorn.eu\\\/de\\\/#organization\",\"name\":\"Boatrental-Giethoorn.EU\",\"url\":\"https:\\\/\\\/boatrental-giethoorn.eu\\\/de\\\/\",\"logo\":{\"@type\":\"ImageObject\",\"inLanguage\":\"de\",\"@id\":\"https:\\\/\\\/boatrental-giethoorn.eu\\\/de\\\/#\\\/schema\\\/logo\\\/image\\\/\",\"url\":\"https:\\\/\\\/boatrental-giethoorn.eu\\\/wp-content\\\/uploads\\\/2018\\\/02\\\/logo.png\",\"contentUrl\":\"https:\\\/\\\/boatrental-giethoorn.eu\\\/wp-content\\\/uploads\\\/2018\\\/02\\\/logo.png\",\"width\":512,\"height\":512,\"caption\":\"Boatrental-Giethoorn.EU\"},\"image\":{\"@id\":\"https:\\\/\\\/boatrental-giethoorn.eu\\\/de\\\/#\\\/schema\\\/logo\\\/image\\\/\"},\"sameAs\":[\"https:\\\/\\\/www.instagram.com\\\/boatrentalgiethoorn\\\/\",\"https:\\\/\\\/www.youtube.com\\\/channel\\\/UCeJHOxUyAIQzOLD7njLayAw\"]}]}<\/script>\n<!-- \/ Yoast SEO plugin. -->","yoast_head_json":{"title":"Fahrradverleih - BoatRental-Giethoorn.EU - Gratis Parkpl\u00e4tze","description":"Fahrradverleih in Giethoorn, Entdecker Weerribben Wieden am besten. Billiges Fahrrad, kostenlose Parkpl\u00e4tze, kostenlose Streckenkarten.","robots":{"index":"index","follow":"follow","max-snippet":"max-snippet:-1","max-image-preview":"max-image-preview:large","max-video-preview":"max-video-preview:-1"},"canonical":"https:\/\/boatrental-giethoorn.eu\/de\/fahrradverleih\/","og_locale":"de_DE","og_type":"article","og_title":"Fahrradverleih - BoatRental-Giethoorn.EU - Gratis Parkpl\u00e4tze","og_description":"Fahrradverleih in Giethoorn, Entdecker Weerribben Wieden am besten. Billiges Fahrrad, kostenlose Parkpl\u00e4tze, kostenlose Streckenkarten.","og_url":"https:\/\/boatrental-giethoorn.eu\/de\/fahrradverleih\/","og_site_name":"BoatRental-Giethoorn.EU","article_modified_time":"2024-10-29T14:02:13+00:00","og_image":[{"width":1920,"height":331,"url":"https:\/\/boatrental-giethoorn.eu\/wp-content\/uploads\/2019\/07\/IMG_0361-e1599036154967.jpg","type":"image\/jpeg"}],"twitter_card":"summary_large_image","twitter_misc":{"Gesch\u00e4tzte Lesezeit":"1\u00a0Minute"},"schema":{"@context":"https:\/\/schema.org","@graph":[{"@type":"WebPage","@id":"https:\/\/boatrental-giethoorn.eu\/de\/fahrradverleih\/","url":"https:\/\/boatrental-giethoorn.eu\/de\/fahrradverleih\/","name":"Fahrradverleih - BoatRental-Giethoorn.EU - Gratis Parkpl\u00e4tze","isPartOf":{"@id":"https:\/\/boatrental-giethoorn.eu\/de\/#website"},"primaryImageOfPage":{"@id":"https:\/\/boatrental-giethoorn.eu\/de\/fahrradverleih\/#primaryimage"},"image":{"@id":"https:\/\/boatrental-giethoorn.eu\/de\/fahrradverleih\/#primaryimage"},"thumbnailUrl":"https:\/\/boatrental-giethoorn.eu\/wp-content\/uploads\/2019\/07\/IMG_0361-e1599036154967.jpg","datePublished":"2018-07-16T10:23:21+00:00","dateModified":"2024-10-29T14:02:13+00:00","description":"Fahrradverleih in Giethoorn, Entdecker Weerribben Wieden am besten. Billiges Fahrrad, kostenlose Parkpl\u00e4tze, kostenlose Streckenkarten.","breadcrumb":{"@id":"https:\/\/boatrental-giethoorn.eu\/de\/fahrradverleih\/#breadcrumb"},"inLanguage":"de","potentialAction":[{"@type":"ReadAction","target":["https:\/\/boatrental-giethoorn.eu\/de\/fahrradverleih\/"]}]},{"@type":"ImageObject","inLanguage":"de","@id":"https:\/\/boatrental-giethoorn.eu\/de\/fahrradverleih\/#primaryimage","url":"https:\/\/boatrental-giethoorn.eu\/wp-content\/uploads\/2019\/07\/IMG_0361-e1599036154967.jpg","contentUrl":"https:\/\/boatrental-giethoorn.eu\/wp-content\/uploads\/2019\/07\/IMG_0361-e1599036154967.jpg","width":1920,"height":331},{"@type":"BreadcrumbList","@id":"https:\/\/boatrental-giethoorn.eu\/de\/fahrradverleih\/#breadcrumb","itemListElement":[{"@type":"ListItem","position":1,"name":"Home","item":"https:\/\/boatrental-giethoorn.eu\/de\/"},{"@type":"ListItem","position":2,"name":"Fahrradverleih"}]},{"@type":"WebSite","@id":"https:\/\/boatrental-giethoorn.eu\/de\/#website","url":"https:\/\/boatrental-giethoorn.eu\/de\/","name":"BoatRental-Giethoorn.EU","description":"","publisher":{"@id":"https:\/\/boatrental-giethoorn.eu\/de\/#organization"},"potentialAction":[{"@type":"SearchAction","target":{"@type":"EntryPoint","urlTemplate":"https:\/\/boatrental-giethoorn.eu\/de\/?s={search_term_string}"},"query-input":{"@type":"PropertyValueSpecification","valueRequired":true,"valueName":"search_term_string"}}],"inLanguage":"de"},{"@type":"Organization","@id":"https:\/\/boatrental-giethoorn.eu\/de\/#organization","name":"Boatrental-Giethoorn.EU","url":"https:\/\/boatrental-giethoorn.eu\/de\/","logo":{"@type":"ImageObject","inLanguage":"de","@id":"https:\/\/boatrental-giethoorn.eu\/de\/#\/schema\/logo\/image\/","url":"https:\/\/boatrental-giethoorn.eu\/wp-content\/uploads\/2018\/02\/logo.png","contentUrl":"https:\/\/boatrental-giethoorn.eu\/wp-content\/uploads\/2018\/02\/logo.png","width":512,"height":512,"caption":"Boatrental-Giethoorn.EU"},"image":{"@id":"https:\/\/boatrental-giethoorn.eu\/de\/#\/schema\/logo\/image\/"},"sameAs":["https:\/\/www.instagram.com\/boatrentalgiethoorn\/","https:\/\/www.youtube.com\/channel\/UCeJHOxUyAIQzOLD7njLayAw"]}]}},"_links":{"self":[{"href":"https:\/\/boatrental-giethoorn.eu\/de\/wp-json\/wp\/v2\/pages\/1236","targetHints":{"allow":["GET"]}}],"collection":[{"href":"https:\/\/boatrental-giethoorn.eu\/de\/wp-json\/wp\/v2\/pages"}],"about":[{"href":"https:\/\/boatrental-giethoorn.eu\/de\/wp-json\/wp\/v2\/types\/page"}],"author":[{"embeddable":true,"href":"https:\/\/boatrental-giethoorn.eu\/de\/wp-json\/wp\/v2\/users\/1"}],"replies":[{"embeddable":true,"href":"https:\/\/boatrental-giethoorn.eu\/de\/wp-json\/wp\/v2\/comments?post=1236"}],"version-history":[{"count":2,"href":"https:\/\/boatrental-giethoorn.eu\/de\/wp-json\/wp\/v2\/pages\/1236\/revisions"}],"predecessor-version":[{"id":2526,"href":"https:\/\/boatrental-giethoorn.eu\/de\/wp-json\/wp\/v2\/pages\/1236\/revisions\/2526"}],"wp:featuredmedia":[{"embeddable":true,"href":"https:\/\/boatrental-giethoorn.eu\/de\/wp-json\/wp\/v2\/media\/771"}],"wp:attachment":[{"href":"https:\/\/boatrental-giethoorn.eu\/de\/wp-json\/wp\/v2\/media?parent=1236"}],"curies":[{"name":"wp","href":"https:\/\/api.w.org\/{rel}","templated":true}]}}