{"id":1229,"date":"2018-06-06T15:26:09","date_gmt":"2018-06-06T14:26:09","guid":{"rendered":"https:\/\/boatrental-giethoorn.eu\/information-about-giethoorn\/"},"modified":"2022-11-30T12:20:45","modified_gmt":"2022-11-30T11:20:45","slug":"informationen-uber-giethoorn","status":"publish","type":"page","link":"https:\/\/boatrental-giethoorn.eu\/de\/informationen-uber-giethoorn\/","title":{"rendered":"Informationen \u00fcber Giethoorn"},"content":{"rendered":"\n<p>Hier finden Sie alle Informationen \u00fcber Giethoorn. Entspannen Sie in der wundersch\u00f6nen Umgebung von Giethoorn. Giethoorn ist ein Dorf in der Wasserregion im Kopf von Overijssel. Das Dorf ist bekannt f\u00fcr seine Wasserstra\u00dfen und Br\u00fccken. Es hei\u00dft &#8222;Venedig des Nordens&#8220;. Giethoorn liegt in einem gro\u00dfen Feuchtgebiet mit mehreren gr\u00f6\u00dferen und kleineren Seen. Daher sind Wassersportarten in der Region sehr beliebt und ein Ausflug ans Wasser ist sehr zu empfehlen.<\/p>\n\n\n\n<h3 class=\"wp-block-heading\">Informationen zu Aktivit\u00e4ten von Giethoorn<\/h3>\n\n\n\n<p>Die meisten Leute mieten ein <a rel=\"noreferrer noopener\" href=\"https:\/\/boatrental-giethoorn.eu\/rent-a-bicycle\/\" target=\"_blank\">Fl\u00fcsterboot<\/a> oder buchen eine sch\u00f6ne <a rel=\"noreferrer noopener\" href=\"https:\/\/boatrental-giethoorn.eu\/tour-of-giethoorn\/\" target=\"_blank\">Kanalrundfahrt<\/a> . Neben den Wassersportaktivit\u00e4ten gibt es auch einige Museen zu besuchen, wie zum Beispiel die&nbsp;<a href=\"https:\/\/www.museumgiethoorn.nl\/\" target=\"_blank\" rel=\"noreferrer noopener nofollow\">Museumsfarm &#8218;t Olde. <\/a>Dies ist eine Giethoorn Farm aus dem Jahr 1800 mit einer Ausstellung \u00fcber 100 Jahre Arbeiten und Leben in Giethoorn.<\/p>\n\n\n\n<p>Sehen Sie sich das aktuelle <a href=\"https:\/\/boatrental-giethoorn.eu\/de\/wetter-fur-giethoorn\/\">Wetter in Giethoorn<\/a> an.<\/p>\n\n\n\n<p>Fotos finden Sie in unserem <a href=\"https:\/\/www.instagram.com\/boatrentalgiethoorn\/\" target=\"_blank\" rel=\"noreferrer noopener nofollow\">Instagram<\/a> .<\/p>\n\n\n<p>[instagram-feed feed=1]<\/p>\n\n\n<p><\/p>\n","protected":false},"excerpt":{"rendered":"<p>Hier finden Sie alle Informationen \u00fcber Giethoorn. Entspannen Sie in der wundersch\u00f6nen Umgebung von Giethoorn. Giethoorn ist ein Dorf in der Wasserregion im Kopf von Overijssel. Das Dorf ist bekannt f\u00fcr seine Wasserstra\u00dfen und Br\u00fccken. Es hei\u00dft &#8222;Venedig des Nordens&#8220;. Giethoorn liegt in einem gro\u00dfen Feuchtgebiet mit mehreren gr\u00f6\u00dferen und kleineren Seen. Daher sind Wassersportarten&hellip; <br \/> <a class=\"read-more\" href=\"https:\/\/boatrental-giethoorn.eu\/de\/informationen-uber-giethoorn\/\">Read more<\/a><\/p>\n","protected":false},"author":1,"featured_media":771,"parent":0,"menu_order":0,"comment_status":"closed","ping_status":"closed","template":"","meta":{"footnotes":""},"class_list":["post-1229","page","type-page","status-publish","has-post-thumbnail","hentry"],"yoast_head":"<!-- This site is optimized with the Yoast SEO plugin v27.4 - https:\/\/yoast.com\/product\/yoast-seo-wordpress\/ -->\n<title>Informationen \u00fcber Giethoorn - BoatRental-Giethoorn.EU<\/title>\n<meta name=\"description\" content=\"Informationen \u00fcber Giethoorn, Geschichte von Giethoorn, einige seiner Aktivit\u00e4ten. Informationen zum Mieten eines Bootes und eines Fahrrads.\" \/>\n<meta name=\"robots\" content=\"index, follow, max-snippet:-1, max-image-preview:large, max-video-preview:-1\" \/>\n<link rel=\"canonical\" href=\"https:\/\/boatrental-giethoorn.eu\/de\/informationen-uber-giethoorn\/\" \/>\n<meta property=\"og:locale\" content=\"de_DE\" \/>\n<meta property=\"og:type\" content=\"article\" \/>\n<meta property=\"og:title\" content=\"Informationen \u00fcber Giethoorn - BoatRental-Giethoorn.EU\" \/>\n<meta property=\"og:description\" content=\"Informationen \u00fcber Giethoorn, Geschichte von Giethoorn, einige seiner Aktivit\u00e4ten. Informationen zum Mieten eines Bootes und eines Fahrrads.\" \/>\n<meta property=\"og:url\" content=\"https:\/\/boatrental-giethoorn.eu\/de\/informationen-uber-giethoorn\/\" \/>\n<meta property=\"og:site_name\" content=\"BoatRental-Giethoorn.EU\" \/>\n<meta property=\"article:modified_time\" content=\"2022-11-30T11:20:45+00:00\" \/>\n<meta property=\"og:image\" content=\"https:\/\/boatrental-giethoorn.eu\/wp-content\/uploads\/2019\/07\/IMG_0361-e1599036154967.jpg\" \/>\n\t<meta property=\"og:image:width\" content=\"1920\" \/>\n\t<meta property=\"og:image:height\" content=\"331\" \/>\n\t<meta property=\"og:image:type\" content=\"image\/jpeg\" \/>\n<meta name=\"twitter:card\" content=\"summary_large_image\" \/>\n<meta name=\"twitter:label1\" content=\"Gesch\u00e4tzte Lesezeit\" \/>\n\t<meta name=\"twitter:data1\" content=\"1\u00a0Minute\" \/>\n<script type=\"application\/ld+json\" class=\"yoast-schema-graph\">{\"@context\":\"https:\\\/\\\/schema.org\",\"@graph\":[{\"@type\":\"WebPage\",\"@id\":\"https:\\\/\\\/boatrental-giethoorn.eu\\\/de\\\/informationen-uber-giethoorn\\\/\",\"url\":\"https:\\\/\\\/boatrental-giethoorn.eu\\\/de\\\/informationen-uber-giethoorn\\\/\",\"name\":\"Informationen \u00fcber Giethoorn - BoatRental-Giethoorn.EU\",\"isPartOf\":{\"@id\":\"https:\\\/\\\/boatrental-giethoorn.eu\\\/de\\\/#website\"},\"primaryImageOfPage\":{\"@id\":\"https:\\\/\\\/boatrental-giethoorn.eu\\\/de\\\/informationen-uber-giethoorn\\\/#primaryimage\"},\"image\":{\"@id\":\"https:\\\/\\\/boatrental-giethoorn.eu\\\/de\\\/informationen-uber-giethoorn\\\/#primaryimage\"},\"thumbnailUrl\":\"https:\\\/\\\/boatrental-giethoorn.eu\\\/wp-content\\\/uploads\\\/2019\\\/07\\\/IMG_0361-e1599036154967.jpg\",\"datePublished\":\"2018-06-06T14:26:09+00:00\",\"dateModified\":\"2022-11-30T11:20:45+00:00\",\"description\":\"Informationen \u00fcber Giethoorn, Geschichte von Giethoorn, einige seiner Aktivit\u00e4ten. Informationen zum Mieten eines Bootes und eines Fahrrads.\",\"breadcrumb\":{\"@id\":\"https:\\\/\\\/boatrental-giethoorn.eu\\\/de\\\/informationen-uber-giethoorn\\\/#breadcrumb\"},\"inLanguage\":\"de\",\"potentialAction\":[{\"@type\":\"ReadAction\",\"target\":[\"https:\\\/\\\/boatrental-giethoorn.eu\\\/de\\\/informationen-uber-giethoorn\\\/\"]}]},{\"@type\":\"ImageObject\",\"inLanguage\":\"de\",\"@id\":\"https:\\\/\\\/boatrental-giethoorn.eu\\\/de\\\/informationen-uber-giethoorn\\\/#primaryimage\",\"url\":\"https:\\\/\\\/boatrental-giethoorn.eu\\\/wp-content\\\/uploads\\\/2019\\\/07\\\/IMG_0361-e1599036154967.jpg\",\"contentUrl\":\"https:\\\/\\\/boatrental-giethoorn.eu\\\/wp-content\\\/uploads\\\/2019\\\/07\\\/IMG_0361-e1599036154967.jpg\",\"width\":1920,\"height\":331},{\"@type\":\"BreadcrumbList\",\"@id\":\"https:\\\/\\\/boatrental-giethoorn.eu\\\/de\\\/informationen-uber-giethoorn\\\/#breadcrumb\",\"itemListElement\":[{\"@type\":\"ListItem\",\"position\":1,\"name\":\"Home\",\"item\":\"https:\\\/\\\/boatrental-giethoorn.eu\\\/de\\\/\"},{\"@type\":\"ListItem\",\"position\":2,\"name\":\"Informationen \u00fcber Giethoorn\"}]},{\"@type\":\"WebSite\",\"@id\":\"https:\\\/\\\/boatrental-giethoorn.eu\\\/de\\\/#website\",\"url\":\"https:\\\/\\\/boatrental-giethoorn.eu\\\/de\\\/\",\"name\":\"BoatRental-Giethoorn.EU\",\"description\":\"\",\"publisher\":{\"@id\":\"https:\\\/\\\/boatrental-giethoorn.eu\\\/de\\\/#organization\"},\"potentialAction\":[{\"@type\":\"SearchAction\",\"target\":{\"@type\":\"EntryPoint\",\"urlTemplate\":\"https:\\\/\\\/boatrental-giethoorn.eu\\\/de\\\/?s={search_term_string}\"},\"query-input\":{\"@type\":\"PropertyValueSpecification\",\"valueRequired\":true,\"valueName\":\"search_term_string\"}}],\"inLanguage\":\"de\"},{\"@type\":\"Organization\",\"@id\":\"https:\\\/\\\/boatrental-giethoorn.eu\\\/de\\\/#organization\",\"name\":\"Boatrental-Giethoorn.EU\",\"url\":\"https:\\\/\\\/boatrental-giethoorn.eu\\\/de\\\/\",\"logo\":{\"@type\":\"ImageObject\",\"inLanguage\":\"de\",\"@id\":\"https:\\\/\\\/boatrental-giethoorn.eu\\\/de\\\/#\\\/schema\\\/logo\\\/image\\\/\",\"url\":\"https:\\\/\\\/boatrental-giethoorn.eu\\\/wp-content\\\/uploads\\\/2018\\\/02\\\/logo.png\",\"contentUrl\":\"https:\\\/\\\/boatrental-giethoorn.eu\\\/wp-content\\\/uploads\\\/2018\\\/02\\\/logo.png\",\"width\":512,\"height\":512,\"caption\":\"Boatrental-Giethoorn.EU\"},\"image\":{\"@id\":\"https:\\\/\\\/boatrental-giethoorn.eu\\\/de\\\/#\\\/schema\\\/logo\\\/image\\\/\"},\"sameAs\":[\"https:\\\/\\\/www.instagram.com\\\/boatrentalgiethoorn\\\/\",\"https:\\\/\\\/www.youtube.com\\\/channel\\\/UCeJHOxUyAIQzOLD7njLayAw\"]}]}<\/script>\n<!-- \/ Yoast SEO plugin. -->","yoast_head_json":{"title":"Informationen \u00fcber Giethoorn - BoatRental-Giethoorn.EU","description":"Informationen \u00fcber Giethoorn, Geschichte von Giethoorn, einige seiner Aktivit\u00e4ten. Informationen zum Mieten eines Bootes und eines Fahrrads.","robots":{"index":"index","follow":"follow","max-snippet":"max-snippet:-1","max-image-preview":"max-image-preview:large","max-video-preview":"max-video-preview:-1"},"canonical":"https:\/\/boatrental-giethoorn.eu\/de\/informationen-uber-giethoorn\/","og_locale":"de_DE","og_type":"article","og_title":"Informationen \u00fcber Giethoorn - BoatRental-Giethoorn.EU","og_description":"Informationen \u00fcber Giethoorn, Geschichte von Giethoorn, einige seiner Aktivit\u00e4ten. Informationen zum Mieten eines Bootes und eines Fahrrads.","og_url":"https:\/\/boatrental-giethoorn.eu\/de\/informationen-uber-giethoorn\/","og_site_name":"BoatRental-Giethoorn.EU","article_modified_time":"2022-11-30T11:20:45+00:00","og_image":[{"width":1920,"height":331,"url":"https:\/\/boatrental-giethoorn.eu\/wp-content\/uploads\/2019\/07\/IMG_0361-e1599036154967.jpg","type":"image\/jpeg"}],"twitter_card":"summary_large_image","twitter_misc":{"Gesch\u00e4tzte Lesezeit":"1\u00a0Minute"},"schema":{"@context":"https:\/\/schema.org","@graph":[{"@type":"WebPage","@id":"https:\/\/boatrental-giethoorn.eu\/de\/informationen-uber-giethoorn\/","url":"https:\/\/boatrental-giethoorn.eu\/de\/informationen-uber-giethoorn\/","name":"Informationen \u00fcber Giethoorn - BoatRental-Giethoorn.EU","isPartOf":{"@id":"https:\/\/boatrental-giethoorn.eu\/de\/#website"},"primaryImageOfPage":{"@id":"https:\/\/boatrental-giethoorn.eu\/de\/informationen-uber-giethoorn\/#primaryimage"},"image":{"@id":"https:\/\/boatrental-giethoorn.eu\/de\/informationen-uber-giethoorn\/#primaryimage"},"thumbnailUrl":"https:\/\/boatrental-giethoorn.eu\/wp-content\/uploads\/2019\/07\/IMG_0361-e1599036154967.jpg","datePublished":"2018-06-06T14:26:09+00:00","dateModified":"2022-11-30T11:20:45+00:00","description":"Informationen \u00fcber Giethoorn, Geschichte von Giethoorn, einige seiner Aktivit\u00e4ten. Informationen zum Mieten eines Bootes und eines Fahrrads.","breadcrumb":{"@id":"https:\/\/boatrental-giethoorn.eu\/de\/informationen-uber-giethoorn\/#breadcrumb"},"inLanguage":"de","potentialAction":[{"@type":"ReadAction","target":["https:\/\/boatrental-giethoorn.eu\/de\/informationen-uber-giethoorn\/"]}]},{"@type":"ImageObject","inLanguage":"de","@id":"https:\/\/boatrental-giethoorn.eu\/de\/informationen-uber-giethoorn\/#primaryimage","url":"https:\/\/boatrental-giethoorn.eu\/wp-content\/uploads\/2019\/07\/IMG_0361-e1599036154967.jpg","contentUrl":"https:\/\/boatrental-giethoorn.eu\/wp-content\/uploads\/2019\/07\/IMG_0361-e1599036154967.jpg","width":1920,"height":331},{"@type":"BreadcrumbList","@id":"https:\/\/boatrental-giethoorn.eu\/de\/informationen-uber-giethoorn\/#breadcrumb","itemListElement":[{"@type":"ListItem","position":1,"name":"Home","item":"https:\/\/boatrental-giethoorn.eu\/de\/"},{"@type":"ListItem","position":2,"name":"Informationen \u00fcber Giethoorn"}]},{"@type":"WebSite","@id":"https:\/\/boatrental-giethoorn.eu\/de\/#website","url":"https:\/\/boatrental-giethoorn.eu\/de\/","name":"BoatRental-Giethoorn.EU","description":"","publisher":{"@id":"https:\/\/boatrental-giethoorn.eu\/de\/#organization"},"potentialAction":[{"@type":"SearchAction","target":{"@type":"EntryPoint","urlTemplate":"https:\/\/boatrental-giethoorn.eu\/de\/?s={search_term_string}"},"query-input":{"@type":"PropertyValueSpecification","valueRequired":true,"valueName":"search_term_string"}}],"inLanguage":"de"},{"@type":"Organization","@id":"https:\/\/boatrental-giethoorn.eu\/de\/#organization","name":"Boatrental-Giethoorn.EU","url":"https:\/\/boatrental-giethoorn.eu\/de\/","logo":{"@type":"ImageObject","inLanguage":"de","@id":"https:\/\/boatrental-giethoorn.eu\/de\/#\/schema\/logo\/image\/","url":"https:\/\/boatrental-giethoorn.eu\/wp-content\/uploads\/2018\/02\/logo.png","contentUrl":"https:\/\/boatrental-giethoorn.eu\/wp-content\/uploads\/2018\/02\/logo.png","width":512,"height":512,"caption":"Boatrental-Giethoorn.EU"},"image":{"@id":"https:\/\/boatrental-giethoorn.eu\/de\/#\/schema\/logo\/image\/"},"sameAs":["https:\/\/www.instagram.com\/boatrentalgiethoorn\/","https:\/\/www.youtube.com\/channel\/UCeJHOxUyAIQzOLD7njLayAw"]}]}},"_links":{"self":[{"href":"https:\/\/boatrental-giethoorn.eu\/de\/wp-json\/wp\/v2\/pages\/1229","targetHints":{"allow":["GET"]}}],"collection":[{"href":"https:\/\/boatrental-giethoorn.eu\/de\/wp-json\/wp\/v2\/pages"}],"about":[{"href":"https:\/\/boatrental-giethoorn.eu\/de\/wp-json\/wp\/v2\/types\/page"}],"author":[{"embeddable":true,"href":"https:\/\/boatrental-giethoorn.eu\/de\/wp-json\/wp\/v2\/users\/1"}],"replies":[{"embeddable":true,"href":"https:\/\/boatrental-giethoorn.eu\/de\/wp-json\/wp\/v2\/comments?post=1229"}],"version-history":[{"count":0,"href":"https:\/\/boatrental-giethoorn.eu\/de\/wp-json\/wp\/v2\/pages\/1229\/revisions"}],"wp:featuredmedia":[{"embeddable":true,"href":"https:\/\/boatrental-giethoorn.eu\/de\/wp-json\/wp\/v2\/media\/771"}],"wp:attachment":[{"href":"https:\/\/boatrental-giethoorn.eu\/de\/wp-json\/wp\/v2\/media?parent=1229"}],"curies":[{"name":"wp","href":"https:\/\/api.w.org\/{rel}","templated":true}]}}